{"id":4092,"date":"2024-07-16T06:46:21","date_gmt":"2024-07-16T09:46:21","guid":{"rendered":"https:\/\/waynet.com.ar\/?post_type=product&#038;p=4092"},"modified":"2024-08-12T10:30:27","modified_gmt":"2024-08-12T13:30:27","slug":"neje-3-plus-con-laser-30w","status":"publish","type":"product","link":"https:\/\/waynet.com.ar\/index.php\/product\/neje-3-plus-con-laser-30w\/","title":{"rendered":"Neje 3 Plus con l\u00e1ser 30W"},"content":{"rendered":"<p>Caracter\u00edsticas:<\/p>\n<ul>\n<li>\u00c1rea de grabado y corte de 255x440mm<\/li>\n<li>M\u00f3dulo de potencia de 30W, salida de potencia \u00f3ptica de 7,5 W, punto focal de 0,01mm, admite grabado y corte.<\/li>\n<li>Dise\u00f1o de seguridad, el m\u00f3dulo l\u00e1ser viene con un dise\u00f1o de panel protector para bloquear m\u00e1s del 90% de la luz de fuga; Protecci\u00f3n de rollo MEMS integrada.<\/li>\n<li>Uso silencioso.<\/li>\n<li>Dos formas de ajustar el enfoque<\/li>\n<li>Funci\u00f3n de Moodle l\u00e1ser de 30W<\/li>\n<li>Dise\u00f1ado para grabador l\u00e1ser, impresora 3D, fresadora CNC, proyecto arduino.<\/li>\n<li>Salida de potencia \u00f3ptica de 2.7.5W, acr\u00edlico de 3mm de 1 paso (velocidad 100)<\/li>\n<li>M\u00e1s seguridad, vidrio protector integrado para proteger los ojos<\/li>\n<li>Tama\u00f1o de la secci\u00f3n: 40mm x 40mm<\/li>\n<li>Modo de refrigeraci\u00f3n: sensor de temperatura control inteligente + 10000 rpm ventilador de refrigeraci\u00f3n de 40mm<\/li>\n<li>Puede grabar: MDF\/Balsa\/papel\/madera\/tela\/pl\u00e1stico\/cuero\/madera contrachapada\/papel de espuma\/aluminio anodizado<\/li>\n<\/ul>\n","protected":false},"excerpt":{"rendered":"<p>La experiencia de Grabado m\u00e1s sencilla y port\u00e1til: NEJE admite el software de la serie, que incluye la aplicaci\u00f3n NEJE android, el software NEJE windows, el software NEJE mac, la aplicaci\u00f3n inal\u00e1mbrica NEJE para iOS, ipad OS, macOS. NEJE esc\u00e1ner APP.<\/p>\n","protected":false},"featured_media":4089,"template":"","meta":{"_acf_changed":false},"product_cat":[67],"product_tag":[68],"class_list":{"0":"post-4092","1":"product","2":"type-product","3":"status-publish","4":"has-post-thumbnail","6":"product_cat-cortadoras-laser","7":"product_tag-neje","9":"first","10":"instock","11":"shipping-taxable","12":"product-type-simple"},"acf":[],"_links":{"self":[{"href":"https:\/\/waynet.com.ar\/index.php\/wp-json\/wp\/v2\/product\/4092","targetHints":{"allow":["GET"]}}],"collection":[{"href":"https:\/\/waynet.com.ar\/index.php\/wp-json\/wp\/v2\/product"}],"about":[{"href":"https:\/\/waynet.com.ar\/index.php\/wp-json\/wp\/v2\/types\/product"}],"wp:featuredmedia":[{"embeddable":true,"href":"https:\/\/waynet.com.ar\/index.php\/wp-json\/wp\/v2\/media\/4089"}],"wp:attachment":[{"href":"https:\/\/waynet.com.ar\/index.php\/wp-json\/wp\/v2\/media?parent=4092"}],"wp:term":[{"taxonomy":"product_cat","embeddable":true,"href":"https:\/\/waynet.com.ar\/index.php\/wp-json\/wp\/v2\/product_cat?post=4092"},{"taxonomy":"product_tag","embeddable":true,"href":"https:\/\/waynet.com.ar\/index.php\/wp-json\/wp\/v2\/product_tag?post=4092"}],"curies":[{"name":"wp","href":"https:\/\/api.w.org\/{rel}","templated":true}]}}