{"id":4072,"date":"2024-03-06T15:09:46","date_gmt":"2024-03-06T18:09:46","guid":{"rendered":"https:\/\/waynet.com.ar\/?post_type=product&#038;p=4072"},"modified":"2024-08-12T10:34:26","modified_gmt":"2024-08-12T13:34:26","slug":"neje-max-4","status":"publish","type":"product","link":"https:\/\/waynet.com.ar\/index.php\/product\/neje-max-4\/","title":{"rendered":"Neje Max 4 E40"},"content":{"rendered":"<p><span class=\"fontstyle0\">El nuevo e innovador dise\u00f1o del eje Z motorizado mejora en gran medida la seguridad y la capacidad de<br \/>\ncontrol de los m\u00f3dulos de alta potencia. Puede preestablecer la posici\u00f3n de enfoque en cada capa en el<br \/>\nsoftware Lightburn. A partir de entonces, solo necesita colocar el material en el Plataforma de panal sin<br \/>\nenfocar, liberando completamente las manos.<\/span><\/p>\n<h4><span class=\"fontstyle0\">M\u00f3dulo l\u00e1ser de enfoque fijo de alta definici\u00f3n Neje E40<\/span><\/h4>\n<p><span class=\"fontstyle0\">Rendimiento l\u00edder en la industria M\u00f3dulo de salida de m\u00e1s de 10 W.<br \/>\nCorte directo, bordes limpios, sin necesidad de asistencia de aire, protecci\u00f3n de lente incorporada.<\/span><\/p>\n<p><strong>Caracter\u00edsticas:<\/strong><\/p>\n<ul>\n<li>M\u00f3dulo l\u00e1ser de enfoque fijo de alta definici\u00f3n Neje E40<\/li>\n<li>Rendimiento l\u00edder en la industria M\u00f3dulo de salida de m\u00e1s de 10 W.<\/li>\n<li>Corte directo, bordes limpios, sin necesidad de asistencia de aire, protecci\u00f3n de lente incorporada.<\/li>\n<\/ul>\n<p><strong>Especificaci\u00f3n:<\/strong><\/p>\n<ul>\n<li>Enfoque: 0,03\u00d70,04 mm (10000 W\/m\u00b2)<\/li>\n<li>M\u00e9todo de enfoque: enfoque fijo (a 5 mm del radiador)<\/li>\n<li>Potencia \u00f3ptica: Pulso 12 W+, CW 11 W<\/li>\n<li>Longitud de onda: 450 nm Peso: 280 g<\/li>\n<li>Tama\u00f1o del m\u00f3dulo: 40x48x130 mm<\/li>\n<li>Entrada: DC 12 V 4 A<\/li>\n<li>Interfaz: 4 pines PH2.0 + (2 pines DC12 V de potencia adicional)<\/li>\n<li>Control de potencia: Modulaci\u00f3n de potencia PWM<\/li>\n<li>Ventilador: Doble bola de alta duraci\u00f3n Accionamiento del ventilador<\/li>\n<li>Bomba de aire<\/li>\n<li>Lente protectora de la ventana<\/li>\n<\/ul>\n<p>Links de inter\u00e9s:<\/p>\n<p><a href=\"https:\/\/neje.shop\/products\/neje-max-4-e80-laser-engraver-performance-monster-designed-for-fast-cutting-and-engraving-for-large-projects\" target=\"_blank\" rel=\"noopener\">Link grabadora<\/a><br \/>\n<a href=\"https:\/\/neje.shop\/products\/e40?_pos=1&amp;_sid=177556bfd&amp;_ss=r\" target=\"_blank\" rel=\"noopener\">Link L\u00e1ser<\/a><\/p>\n","protected":false},"excerpt":{"rendered":"<p><span class=\"fontstyle0\">NEJE Max 4 tiene una mayor productividad con funciones como \u00e1rea m\u00e1s grande y eje Z motorizado de enfoque preestablecido. Cuando necesite crear varios proyectos diferentes, puede preestablecer el desplazamiento Z para cada capa para completar todos los proyectos juntos. Combinado con la funci\u00f3n de ejecuci\u00f3n fuera de l\u00ednea \u00fanica de NEJE, Puede importar archivos directamente al dispositivo, lo que le permitir\u00e1 crear sus proyectos de forma segura y autom\u00e1tica sin ocupar su computadora ni su tiempo.<\/span><\/p>\n","protected":false},"featured_media":4073,"template":"","meta":{"_acf_changed":false},"product_cat":[67],"product_tag":[],"class_list":{"0":"post-4072","1":"product","2":"type-product","3":"status-publish","4":"has-post-thumbnail","6":"product_cat-cortadoras-laser","8":"first","9":"instock","10":"shipping-taxable","11":"product-type-simple"},"acf":[],"_links":{"self":[{"href":"https:\/\/waynet.com.ar\/index.php\/wp-json\/wp\/v2\/product\/4072","targetHints":{"allow":["GET"]}}],"collection":[{"href":"https:\/\/waynet.com.ar\/index.php\/wp-json\/wp\/v2\/product"}],"about":[{"href":"https:\/\/waynet.com.ar\/index.php\/wp-json\/wp\/v2\/types\/product"}],"wp:featuredmedia":[{"embeddable":true,"href":"https:\/\/waynet.com.ar\/index.php\/wp-json\/wp\/v2\/media\/4073"}],"wp:attachment":[{"href":"https:\/\/waynet.com.ar\/index.php\/wp-json\/wp\/v2\/media?parent=4072"}],"wp:term":[{"taxonomy":"product_cat","embeddable":true,"href":"https:\/\/waynet.com.ar\/index.php\/wp-json\/wp\/v2\/product_cat?post=4072"},{"taxonomy":"product_tag","embeddable":true,"href":"https:\/\/waynet.com.ar\/index.php\/wp-json\/wp\/v2\/product_tag?post=4072"}],"curies":[{"name":"wp","href":"https:\/\/api.w.org\/{rel}","templated":true}]}}