{"id":3187,"date":"2020-09-14T14:36:38","date_gmt":"2020-09-14T14:36:38","guid":{"rendered":"http:\/\/waynet.com.ar\/?page_id=3187"},"modified":"2021-07-28T14:50:44","modified_gmt":"2021-07-28T14:50:44","slug":"mi-wifi-repeater-pro","status":"publish","type":"page","link":"https:\/\/waynet.com.ar\/index.php\/mi-wifi-repeater-pro\/","title":{"rendered":"Mi WiFi Repeater Pro 300Mbps"},"content":{"rendered":"<p>[vc_row full_width=\u00bbstretch_row_content_no_spaces\u00bb equal_height=\u00bbyes\u00bb content_placement=\u00bbmiddle\u00bb parallax=\u00bbcontent-moving\u00bb parallax_image=\u00bb3290&#8243; parallax_speed_bg=\u00bb2&#8243; section_text_color=\u00bbdark\u00bb][vc_column width=\u00bb1\/4&#8243;][\/vc_column][vc_column width=\u00bb1\/2&#8243;][vc_empty_space height=\u00bb200px\u00bb][vc_column_text css_animation=\u00bbfadeInLeft\u00bb]<\/p>\n<p style=\"text-align: left;\"><span style=\"color: #ffffff;\"><strong><span style=\"font-size: 35px;\">Mi WiFi Repeater Pro 300Mbps<\/span><\/strong><\/span><\/p>\n<p style=\"text-align: left;\"><span style=\"font-size: 32px; color: #ffffff;\">Ampli\u00e1 tu libertad de movimiento<\/span><\/p>\n<p style=\"text-align: left;\"><span style=\"font-size: 32px; color: #ffffff;\">y aument\u00e1 la se\u00f1al WIFI<\/span><\/p>\n<p>[\/vc_column_text][vc_empty_space height=\u00bb200px\u00bb][\/vc_column][vc_column width=\u00bb1\/4&#8243;][\/vc_column][\/vc_row][vc_row full_width=\u00bbstretch_row\u00bb css=\u00bb.vc_custom_1598322550962{background-color: #000000 !important;}\u00bb][vc_column][vc_empty_space][vc_row_inner css=\u00bb.vc_custom_1598322533278{background-color: #000000 !important;}\u00bb][vc_column_inner width=\u00bb1\/4&#8243;]<div class=\"porto-sicon-box style_1 top-icon\"><div class=\"porto-sicon-top\"><div class=\"porto-just-icon-wrapper porto-sicon-img  porto-icon-9f5d1cfb45d27d96b50bf473aebba227\" style=\"font-size: 50px;\"><img decoding=\"async\" class=\"img-icon\" alt=\"\" src=\"https:\/\/waynet.com.ar\/wp-content\/uploads\/2020\/09\/iconos_web-32.png\" width=\"51\" height=\"51\" \/><\/div><\/div><div class=\"porto-sicon-header\"><p style=\"font-weight:300;color:rgba(255,255,255,0.8);\">-<\/p><\/div> <!-- header --><div class=\"porto-sicon-description\" style=\"\">\n<p style=\"text-align: center;\"><span style=\"font-size: 20px; color: #ffffff;\">Aumenta y amplifica<strong>la se\u00f1al de wifi.<\/strong><\/span><\/p>\n<p><\/div> <!-- description --><\/div><!-- porto-sicon-box -->[\/vc_column_inner][vc_column_inner width=\u00bb1\/4&#8243;]<div class=\"porto-sicon-box style_1 top-icon\"><div class=\"porto-sicon-top\"><div class=\"porto-just-icon-wrapper porto-sicon-img  porto-icon-9f5d1cfb45d27d96b50bf473aebba227\" style=\"font-size: 50px;\"><img decoding=\"async\" class=\"img-icon\" alt=\"\" src=\"https:\/\/waynet.com.ar\/wp-content\/uploads\/2020\/09\/iconos_web-37.png\" width=\"51\" height=\"51\" \/><\/div><\/div><div class=\"porto-sicon-header\"><p style=\"font-weight:300;color:rgba(255,255,255,0.8);\">-<\/p><\/div> <!-- header --><div class=\"porto-sicon-description\" style=\"\">\n<p style=\"text-align: center;\"><span style=\"font-size: 20px; color: #ffffff;\"><strong>2 potentes<\/strong>antenas externas<\/span><\/p>\n<p><\/div> <!-- description --><\/div><!-- porto-sicon-box -->[\/vc_column_inner][vc_column_inner width=\u00bb1\/4&#8243;]<div class=\"porto-sicon-box style_1 top-icon\"><div class=\"porto-sicon-top\"><div class=\"porto-just-icon-wrapper porto-sicon-img  porto-icon-9f5d1cfb45d27d96b50bf473aebba227\" style=\"font-size: 50px;\"><img decoding=\"async\" class=\"img-icon\" alt=\"\" src=\"https:\/\/waynet.com.ar\/wp-content\/uploads\/2020\/09\/iconos_web-29.png\" width=\"51\" height=\"51\" \/><\/div><\/div><div class=\"porto-sicon-header\"><p style=\"font-weight:300;color:rgba(255,255,255,0.8);\">-<\/p><\/div> <!-- header --><div class=\"porto-sicon-description\" style=\"\">\n<p style=\"text-align: center;\"><span style=\"font-size: 20px; color: #ffffff;\">Velocidades <strong>Transferencia 300 Mbps.<\/strong><\/span><\/p>\n<p><\/div> <!-- description --><\/div><!-- porto-sicon-box -->[\/vc_column_inner][vc_column_inner width=\u00bb1\/4&#8243;]<div class=\"porto-sicon-box style_1 top-icon\"><div class=\"porto-sicon-top\"><div class=\"porto-just-icon-wrapper porto-sicon-img  porto-icon-9f5d1cfb45d27d96b50bf473aebba227\" style=\"font-size: 50px;\"><img loading=\"lazy\" decoding=\"async\" class=\"img-icon\" alt=\"\" src=\"https:\/\/waynet.com.ar\/wp-content\/uploads\/2020\/09\/iconos_web-08-1.png\" width=\"50\" height=\"50\" \/><\/div><\/div><div class=\"porto-sicon-header\"><p style=\"font-weight:300;color:rgba(255,255,255,0.8);\">-<\/p><\/div> <!-- header --><div class=\"porto-sicon-description\" style=\"\">\n<p style=\"text-align: center;\"><span style=\"font-size: 20px; color: #ffffff;\">F\u00e1cil <strong>de usar<\/strong><\/span><\/p>\n<p><\/div> <!-- description --><\/div><!-- porto-sicon-box -->[\/vc_column_inner][\/vc_row_inner][vc_empty_space][\/vc_column][\/vc_row][vc_row][vc_column width=\u00bb1\/2&#8243;][vc_single_image image=\u00bb3199&#8243; img_size=\u00bbfull\u00bb][\/vc_column][vc_column width=\u00bb1\/2&#8243;][vc_empty_space height=\u00bb62px\u00bb][vc_custom_heading text=\u00bbMI WiFi <strong>Repeater Pro 300Mbps<\/strong>\u00bb use_theme_fonts=\u00bbyes\u00bb][vc_column_text]<span style=\"font-size: 20px;\">\u00bfNo llega bien el wifi? \u00bfY ten\u00e9s que estar muy cerca del router para captar la se\u00f1al?<\/span><\/p>\n<p>Con el Repetidor de se\u00f1al Wifi de Xiaomi con hasta 300mbps te ser\u00e1 m\u00e1s f\u00e1cil. Y as\u00ed tener la se\u00f1al all\u00ed donde te encuentres. Por un lado, no hay necesidad de cambiar el punto de acceso. Por otro, la se\u00f1al\u00a0<strong>Wi-Fi<\/strong> mejora hasta el doble con el amplificador de se\u00f1al.[\/vc_column_text][\/vc_column][\/vc_row][vc_row][vc_column][vc_empty_space height=\u00bb50px\u00bb]<div class=\"porto-content-box featured-boxes wpb_content_element \"><div class=\"featured-box featured-box-primary  align-left\"><div class=\"box-content\" style=\"\"><div class=\"porto-links-block wpb_content_element \"><div class=\"links-content\"><ul>[vc_custom_heading text=\u00bbEspecificaciones\u00bb font_container=\u00bbtag:h3|text_align:left\u00bb use_theme_fonts=\u00bbyes\u00bb][vc_separator][vc_row_inner][vc_column_inner width=\u00bb1\/2&#8243;][vc_column_text]<strong>MARCA:<\/strong> Xiaomi<\/p>\n<p><strong>MODELO:<\/strong> Mi Wifi Amplifier Pro<\/p>\n<p><strong>COLOR:<\/strong> Negro Mate<\/p>\n<p><strong>MEDIDAS:<\/strong> 10,6 x 10,4 x 5,6 cm<\/p>\n<p><strong>PESO:<\/strong> 99,8 gramos<\/p>\n<p><strong>VELOCIDAD DE TRANSMISI\u00d3N:<\/strong> 300Mbps[\/vc_column_text][\/vc_column_inner][vc_column_inner width=\u00bb1\/2&#8243;][vc_column_text]<strong>INTERFAZ:\u00a0<\/strong>Puerto de energ\u00eda de pared (enchufe EU)<\/p>\n<p><strong>FRECUENCIA DE LA RED WIFI:<\/strong>\u00a02.4GHz<\/p>\n<p><strong>ANTENA:<\/strong> Integrada x 2<\/p>\n<p><strong>TIPO DE CHIP:<\/strong> Ralink<\/p>\n<p><strong>COMUNICACI\u00d3N DE RED:<\/strong> 3G[\/vc_column_text][\/vc_column_inner][\/vc_row_inner][vc_empty_space height=\u00bb20px\u00bb]<\/ul><\/div><\/div><\/div><\/div><\/div>[\/vc_column][\/vc_row][vc_row full_width=\u00bbstretch_row_content_no_spaces\u00bb wrap_container=\u00bbyes\u00bb is_section=\u00bbyes\u00bb section_skin=\u00bbprimary\u00bb remove_margin_top=\u00bbyes\u00bb remove_margin_bottom=\u00bbyes\u00bb remove_border=\u00bbyes\u00bb css=\u00bb.vc_custom_1597185598230{padding-bottom: 15px !important;}\u00bb][vc_column width=\u00bb1\/4&#8243;]<div class=\"porto-sicon-box style_1 top-icon\"><div class=\"porto-sicon-top\"><div class=\"porto-just-icon-wrapper porto-icon none\" style=\"color:#ffffff;font-size:50px;\"><i class=\"fab fa-whatsapp\"><\/i><\/div><\/div><\/div><!-- porto-sicon-box -->[vc_empty_space height=\u00bb20px\u00bb][vc_column_text]<\/p>\n<h2 style=\"text-align: center;\"><span style=\"color: #ffffff;\"><a style=\"color: #ffffff;\" href=\"https:\/\/wa.link\/5p2lg3\" target=\"_blank\" rel=\"noopener noreferrer\">3424471295<\/a><\/span><\/h2>\n<p>[\/vc_column_text][\/vc_column][vc_column width=\u00bb1\/4&#8243;]<div class=\"porto-sicon-box style_1 top-icon\"><div class=\"porto-sicon-top\"><div class=\"porto-just-icon-wrapper porto-icon none\" style=\"color:#ffffff;font-size:50px;\"><i class=\"fas fa-envelope\"><\/i><\/div><\/div><\/div><!-- porto-sicon-box -->[vc_empty_space height=\u00bb20px\u00bb][vc_column_text]<\/p>\n<h2 style=\"text-align: center;\"><span style=\"color: #ffffff;\"><a style=\"color: #ffffff;\" href=\"mailto:xiaomi@waynet.com.ar\" target=\"_blank\" rel=\"noopener noreferrer\">xiaomi@waynet.com.ar<\/a><\/span><\/h2>\n<p>[\/vc_column_text][\/vc_column][vc_column width=\u00bb1\/4&#8243;]<div class=\"porto-sicon-box style_1 top-icon\"><div class=\"porto-sicon-top\"><div class=\"porto-just-icon-wrapper porto-icon none\" style=\"color:#ffffff;font-size:50px;\"><i class=\"fab fa-facebook-square\"><\/i><\/div><\/div><\/div><!-- porto-sicon-box -->[vc_empty_space height=\u00bb20px\u00bb][vc_column_text]<\/p>\n<h2 style=\"text-align: center;\"><span style=\"color: #ffffff;\"><a style=\"color: #ffffff;\" href=\"https:\/\/www.facebook.com\/waynetarg\" target=\"_blank\" rel=\"noopener noreferrer\">waynetarg<\/a><\/span><\/h2>\n<p>[\/vc_column_text][\/vc_column][vc_column width=\u00bb1\/4&#8243;]<div class=\"porto-sicon-box style_1 top-icon\"><div class=\"porto-sicon-top\"><div class=\"porto-just-icon-wrapper porto-icon none\" style=\"color:#ffffff;font-size:50px;\"><i class=\"fab fa-instagram\"><\/i><\/div><\/div><\/div><!-- porto-sicon-box -->[vc_empty_space height=\u00bb20px\u00bb][vc_column_text]<\/p>\n<h2 style=\"text-align: center;\"><span style=\"color: #ffffff;\"><a style=\"color: #ffffff;\" href=\"https:\/\/www.instagram.com\/waynetarg\/?igshid=hzbdlkqmuy1g\" target=\"_blank\" rel=\"noopener noreferrer\">waynetarg<\/a><\/span><\/h2>\n<p>[\/vc_column_text][\/vc_column][\/vc_row]<\/p>\n","protected":false},"excerpt":{"rendered":"<p>[vc_row full_width=\u00bbstretch_row_content_no_spaces\u00bb equal_height=\u00bbyes\u00bb content_placement=\u00bbmiddle\u00bb parallax=\u00bbcontent-moving\u00bb parallax_image=\u00bb3290&#8243; parallax_speed_bg=\u00bb2&#8243; section_text_color=\u00bbdark\u00bb][vc_column width=\u00bb1\/4&#8243;][\/vc_column][vc_column width=\u00bb1\/2&#8243;][vc_empty_space height=\u00bb200px\u00bb][vc_column_text css_animation=\u00bbfadeInLeft\u00bb] Mi WiFi Repeater Pro 300Mbps Ampli\u00e1 tu libertad de movimiento y aument\u00e1 la se\u00f1al WIFI [\/vc_column_text][vc_empty_space height=\u00bb200px\u00bb][\/vc_column][vc_column width=\u00bb1\/4&#8243;][\/vc_column][\/vc_row][vc_row full_width=\u00bbstretch_row\u00bb css=\u00bb.vc_custom_1598322550962{background-color: #000000 !important;}\u00bb][vc_column][vc_empty_space][vc_row_inner css=\u00bb.vc_custom_1598322533278{background-color: #000000 !important;}\u00bb][vc_column_inner width=\u00bb1\/4&#8243;][\/vc_column_inner][vc_column_inner width=\u00bb1\/4&#8243;][\/vc_column_inner][vc_column_inner width=\u00bb1\/4&#8243;][\/vc_column_inner][vc_column_inner width=\u00bb1\/4&#8243;][\/vc_column_inner][\/vc_row_inner][vc_empty_space][\/vc_column][\/vc_row][vc_row][vc_column width=\u00bb1\/2&#8243;][vc_single_image image=\u00bb3199&#8243; img_size=\u00bbfull\u00bb][\/vc_column][vc_column width=\u00bb1\/2&#8243;][vc_empty_space height=\u00bb62px\u00bb][vc_custom_heading text=\u00bbMI WiFi Repeater Pro 300Mbps\u00bb use_theme_fonts=\u00bbyes\u00bb][vc_column_text]\u00bfNo llega bien el [&hellip;]<\/p>\n","protected":false},"author":2,"featured_media":0,"parent":0,"menu_order":0,"comment_status":"closed","ping_status":"closed","template":"","meta":{"_acf_changed":false,"footnotes":""},"class_list":["post-3187","page","type-page","status-publish","hentry"],"acf":[],"_links":{"self":[{"href":"https:\/\/waynet.com.ar\/index.php\/wp-json\/wp\/v2\/pages\/3187","targetHints":{"allow":["GET"]}}],"collection":[{"href":"https:\/\/waynet.com.ar\/index.php\/wp-json\/wp\/v2\/pages"}],"about":[{"href":"https:\/\/waynet.com.ar\/index.php\/wp-json\/wp\/v2\/types\/page"}],"author":[{"embeddable":true,"href":"https:\/\/waynet.com.ar\/index.php\/wp-json\/wp\/v2\/users\/2"}],"replies":[{"embeddable":true,"href":"https:\/\/waynet.com.ar\/index.php\/wp-json\/wp\/v2\/comments?post=3187"}],"version-history":[{"count":16,"href":"https:\/\/waynet.com.ar\/index.php\/wp-json\/wp\/v2\/pages\/3187\/revisions"}],"predecessor-version":[{"id":3932,"href":"https:\/\/waynet.com.ar\/index.php\/wp-json\/wp\/v2\/pages\/3187\/revisions\/3932"}],"wp:attachment":[{"href":"https:\/\/waynet.com.ar\/index.php\/wp-json\/wp\/v2\/media?parent=3187"}],"curies":[{"name":"wp","href":"https:\/\/api.w.org\/{rel}","templated":true}]}}