{"id":2730,"date":"2020-08-14T16:12:55","date_gmt":"2020-08-14T16:12:55","guid":{"rendered":"http:\/\/waynet.com.ar\/?page_id=2730"},"modified":"2020-09-29T18:33:32","modified_gmt":"2020-09-29T18:33:32","slug":"amazfit-pace","status":"publish","type":"page","link":"https:\/\/waynet.com.ar\/index.php\/amazfit-pace\/","title":{"rendered":"Amazfit PACE"},"content":{"rendered":"<p>[vc_row full_width=\u00bbstretch_row_content_no_spaces\u00bb equal_height=\u00bbyes\u00bb content_placement=\u00bbmiddle\u00bb parallax=\u00bbcontent-moving\u00bb parallax_image=\u00bb2932&#8243; parallax_speed_bg=\u00bb2&#8243; section_text_color=\u00bbdark\u00bb][vc_column width=\u00bb1\/4&#8243;][\/vc_column][vc_column width=\u00bb1\/2&#8243;][vc_empty_space height=\u00bb200px\u00bb][vc_column_text css_animation=\u00bbfadeInLeft\u00bb]<\/p>\n<p style=\"text-align: left;\"><span style=\"color: #ffffff;\"><strong><span style=\"font-size: 35px;\">Amazfit Pace<\/span><\/strong><\/span><\/p>\n<p style=\"text-align: left;\"><span style=\"font-size: 32px; color: #ffffff;\">Dej\u00e1 tu smartphone y corr\u00e9. <\/span><\/p>\n<p>[\/vc_column_text][vc_empty_space height=\u00bb200px\u00bb][\/vc_column][vc_column width=\u00bb1\/4&#8243;][\/vc_column][\/vc_row][vc_row full_width=\u00bbstretch_row\u00bb css=\u00bb.vc_custom_1599740804979{background-color: #212529 !important;}\u00bb][vc_column][vc_empty_space][vc_row_inner css=\u00bb.vc_custom_1599740816611{background-color: #212529 !important;}\u00bb][vc_column_inner width=\u00bb1\/5&#8243;]<div class=\"porto-sicon-box style_1 top-icon\"><div class=\"porto-sicon-top\"><div class=\"porto-just-icon-wrapper porto-sicon-img  porto-icon-9f5d1cfb45d27d96b50bf473aebba227\" style=\"font-size: 50px;\"><img decoding=\"async\" class=\"img-icon\" alt=\"\" src=\"https:\/\/waynet.com.ar\/wp-content\/uploads\/2020\/09\/iconos_web-17.png\" width=\"50\" height=\"50\" \/><\/div><\/div><div class=\"porto-sicon-header\"><p style=\"font-weight:300;color:rgba(255,255,255,0.8);\">-<\/p><\/div> <!-- header --><div class=\"porto-sicon-description\" style=\"\">\n<p style=\"text-align: center;\"><span style=\"font-size: 20px; color: #ffffff;\"><strong>M\u00fasica<\/strong> por Bluetooth y a bordo.<\/span><\/p>\n<p><\/div> <!-- description --><\/div><!-- porto-sicon-box -->[\/vc_column_inner][vc_column_inner width=\u00bb1\/5&#8243;]<div class=\"porto-sicon-box style_1 top-icon\"><div class=\"porto-sicon-top\"><div class=\"porto-just-icon-wrapper porto-sicon-img  porto-icon-9f5d1cfb45d27d96b50bf473aebba227\" style=\"font-size: 50px;\"><img decoding=\"async\" class=\"img-icon\" alt=\"\" src=\"https:\/\/waynet.com.ar\/wp-content\/uploads\/2020\/09\/iconos_web-18.png\" width=\"50\" height=\"50\" \/><\/div><\/div><div class=\"porto-sicon-header\"><p style=\"font-weight:300;color:rgba(255,255,255,0.8);\">-<\/p><\/div> <!-- header --><div class=\"porto-sicon-description\" style=\"\">\n<p style=\"text-align: center;\"><span style=\"font-size: 20px; color: #ffffff;\"><strong>GPS Sony<\/strong> 28 nan\u00f3metros.<\/span><\/p>\n<p><\/div> <!-- description --><\/div><!-- porto-sicon-box -->[\/vc_column_inner][vc_column_inner width=\u00bb1\/5&#8243;]<div class=\"porto-sicon-box style_1 top-icon\"><div class=\"porto-sicon-top\"><div class=\"porto-just-icon-wrapper porto-sicon-img  porto-icon-9f5d1cfb45d27d96b50bf473aebba227\" style=\"font-size: 50px;\"><img decoding=\"async\" class=\"img-icon\" alt=\"\" src=\"https:\/\/waynet.com.ar\/wp-content\/uploads\/2020\/09\/iconos_web-19.png\" width=\"50\" height=\"50\" \/><\/div><\/div><div class=\"porto-sicon-header\"><p style=\"font-weight:300;color:rgba(255,255,255,0.8);\">-<\/p><\/div> <!-- header --><div class=\"porto-sicon-description\" style=\"\">\n<p style=\"text-align: center;\"><span style=\"font-size: 20px; color: #ffffff;\"><strong>Banda deportiva<\/strong> de transpiraci\u00f3n.<\/span><\/p>\n<p><\/div> <!-- description --><\/div><!-- porto-sicon-box -->[\/vc_column_inner][vc_column_inner width=\u00bb1\/5&#8243;]<div class=\"porto-sicon-box style_1 top-icon\"><div class=\"porto-sicon-top\"><div class=\"porto-just-icon-wrapper porto-sicon-img  porto-icon-9f5d1cfb45d27d96b50bf473aebba227\" style=\"font-size: 50px;\"><img loading=\"lazy\" decoding=\"async\" class=\"img-icon\" alt=\"\" src=\"https:\/\/waynet.com.ar\/wp-content\/uploads\/2020\/09\/iconos_web-20.png\" width=\"50\" height=\"50\" \/><\/div><\/div><div class=\"porto-sicon-header\"><p style=\"font-weight:300;color:rgba(255,255,255,0.8);\">-<\/p><\/div> <!-- header --><div class=\"porto-sicon-description\" style=\"\">\n<p style=\"text-align: center;\"><span style=\"font-size: 20px; color: #ffffff;\"><strong>Frecuencia card\u00edaca<\/strong> durante el ejercicio.<\/span><\/p>\n<p><\/div> <!-- description --><\/div><!-- porto-sicon-box -->[\/vc_column_inner][vc_column_inner width=\u00bb1\/5&#8243;]<div class=\"porto-sicon-box style_1 top-icon\"><div class=\"porto-sicon-top\"><div class=\"porto-just-icon-wrapper porto-sicon-img  porto-icon-9f5d1cfb45d27d96b50bf473aebba227\" style=\"font-size: 50px;\"><img loading=\"lazy\" decoding=\"async\" class=\"img-icon\" alt=\"\" src=\"https:\/\/waynet.com.ar\/wp-content\/uploads\/2020\/09\/iconos_web-14.png\" width=\"50\" height=\"50\" \/><\/div><\/div><div class=\"porto-sicon-header\"><p style=\"font-weight:300;color:rgba(255,255,255,0.8);\">-<\/p><\/div> <!-- header --><div class=\"porto-sicon-description\" style=\"\">\n<p style=\"text-align: center;\"><span style=\"font-size: 20px; color: #ffffff;\">Notificaciones <strong>inteligentes.<\/strong><\/span><\/p>\n<p><\/div> <!-- description --><\/div><!-- porto-sicon-box -->[\/vc_column_inner][\/vc_row_inner][vc_empty_space][\/vc_column][\/vc_row][vc_row][vc_column width=\u00bb1\/2&#8243;][vc_single_image image=\u00bb2933&#8243; img_size=\u00bbfull\u00bb][\/vc_column][vc_column width=\u00bb1\/2&#8243;][vc_empty_space height=\u00bb62px\u00bb][vc_custom_heading text=\u00bbAmazfit <strong>Pace<\/strong>\u00bb use_theme_fonts=\u00bbyes\u00bb][vc_column_text]<span style=\"font-size: 20px;\">Importar y exportar trayectos. Registra y comparte<\/span><\/p>\n<p>No te preocupes si la ruta te parece poco familiar, pod\u00e9s recorrer el trayecto siempre que copies el archivo de rutas en el reloj. Asimismo, pod\u00e9s exportar los trayectos de tu reloj y compartirlos con m\u00e1s personas.<\/p>\n<p><span style=\"font-size: 20px;\">M\u00fasica por Bluetooth y a bordo.<\/span><\/p>\n<p>Al correr, us\u00e1 tus auriculares Bluetooth para reproducir directamente la m\u00fasica descargada o copiada en el reloj, as\u00ed puedes completar f\u00e1cilmente el objetivo deportivo con tu m\u00fasica favorita. <strong>Podr\u00e1s almacenar hasta 500 canciones.<\/strong><\/p>\n<p><span style=\"font-size: 20px;\">Recibe las se\u00f1ales GPS del sat\u00e9lite a trav\u00e9s del m\u00f3dulo de GPS incorporado en el reloj.<\/span><\/p>\n<p>Registra con precisi\u00f3n los datos deportivos en tiempo real, como el trayecto, el kilometraje, la altitud, el ritmo y la velocidad, etc.<\/p>\n<p><span style=\"font-size: 20px;\">Cuenta con 11 modos de deporte.<\/span><\/p>\n<p>Correr, caminar, ciclismo, f\u00fatbol, tenis, el\u00edptica, monta\u00f1ismo, esqu\u00ed, correr bajo techo, ciclismo en interiores y carrera a campo traviesa.<\/p>\n<p><span style=\"font-size: 20px;\">Notificaciones inteligentes<\/span><\/p>\n<p>Se pueden leer diversas notificaciones y recordatorios, emitidos por las aplicaciones del m\u00f3vil, con facilidad y rapidez en tu reloj.<\/p>\n<p><span style=\"font-size: 20px;\">Autonom\u00eda de la bater\u00eda: hasta 5 d\u00edas.<\/span><\/p>\n<p>Correr 30 minutos al d\u00eda, hasta 200 notificaciones Push; 35hs bajo el modo GPS de carrera continua. GPS y monitorizaci\u00f3n de la frecuencia card\u00edaca por todo el recorrido..[\/vc_column_text][\/vc_column][\/vc_row][vc_row][vc_column][vc_empty_space height=\u00bb50px\u00bb]<div class=\"porto-content-box featured-boxes wpb_content_element \"><div class=\"featured-box featured-box-primary  align-left\"><div class=\"box-content\" style=\"\"><div class=\"porto-links-block wpb_content_element \"><div class=\"links-content\"><ul>[vc_custom_heading text=\u00bbEspecificaciones\u00bb font_container=\u00bbtag:h3|text_align:left\u00bb use_theme_fonts=\u00bbyes\u00bb][vc_separator][vc_row_inner][vc_column_inner width=\u00bb1\/2&#8243;][vc_column_text]<strong>PANTALLA:<\/strong> Pantalla de color reflectante de bajo consumo de 1.34 pulgadas.<br \/>\n320 X 300 de resoluci\u00f3n de imagen. Pantalla t\u00e1ctil capacitiva. Corning Gorilla Glass.<\/p>\n<p><strong>PANTALLA T\u00c1CTIL:\u00a0<\/strong>Cristal templado Corning Gorilla 3. generaci\u00f3n + con revestimiento antihuellas.<\/p>\n<p><strong>BANDA:<\/strong> Banda deportiva de liberaci\u00f3n r\u00e1pida de 22mm.<\/p>\n<p><strong>CARCASA:<\/strong> Policarbonato reforzado con fibra de vidrio. Cer\u00e1mica de \u00f3xido de circonio.<\/p>\n<p><strong>PESO: <\/strong>53.7 gr.<\/p>\n<p><strong>PROCESADOR:<\/strong> Procesador de doble n\u00facleo de 1.2 GHz.<\/p>\n<p><strong>RAM:<\/strong> 512M[\/vc_column_text][\/vc_column_inner][vc_column_inner width=\u00bb1\/2&#8243;][vc_column_text]<strong>MEMORIA FLASH INTERNA: <\/strong>4GB<\/p>\n<p><strong>GPS:<\/strong> Posicionamiento doble Sat\u00e9lite GPS + GLONASS<\/p>\n<p><strong>SENSORES:<\/strong> Sensor de frecuencia card\u00edaca PPG. Sensor de aceleraci\u00f3n. Giroscopio. Sensor geomagn\u00e9tico. Sensor de luz ambiental. Sensor de presi\u00f3n de aire. Micr\u00f3fono.<\/p>\n<p><strong>VIBRACI\u00d3N: <\/strong>Motor lineal.<\/p>\n<p><strong>CONEXI\u00d3N INAL\u00c1MBRICA: <\/strong>Wi-Fi IEEE 802.11b\/g 2.4GHz; Bluetooth versi\u00f3n 4.0.\u00a05 ATM.<\/p>\n<p><strong>BATER\u00cdA:\u00a0<\/strong>Bater\u00eda de pol\u00edmero de litio 290mAh.<\/p>\n<p><strong>RESISTENCIA AL AGUA Y AL POLVO:<\/strong>\u00a0IP67.[\/vc_column_text][\/vc_column_inner][\/vc_row_inner][vc_empty_space height=\u00bb20px\u00bb]<\/ul><\/div><\/div><\/div><\/div><\/div>[\/vc_column][\/vc_row][vc_row full_width=\u00bbstretch_row_content_no_spaces\u00bb wrap_container=\u00bbyes\u00bb is_section=\u00bbyes\u00bb section_skin=\u00bbprimary\u00bb remove_margin_top=\u00bbyes\u00bb remove_margin_bottom=\u00bbyes\u00bb remove_border=\u00bbyes\u00bb css=\u00bb.vc_custom_1597185598230{padding-bottom: 15px !important;}\u00bb][vc_column width=\u00bb1\/4&#8243;]<div class=\"porto-sicon-box style_1 top-icon\"><div class=\"porto-sicon-top\"><div class=\"porto-just-icon-wrapper porto-icon none\" style=\"color:#ffffff;font-size:50px;\"><i class=\"fab fa-whatsapp\"><\/i><\/div><\/div><\/div><!-- porto-sicon-box -->[vc_empty_space height=\u00bb20px\u00bb][vc_column_text]<\/p>\n<h2 style=\"text-align: center;\"><span style=\"color: #ffffff;\"><a style=\"color: #ffffff;\" href=\"https:\/\/wa.link\/5p2lg3\" target=\"_blank\" rel=\"noopener noreferrer\">3424471295<\/a><\/span><\/h2>\n<p>[\/vc_column_text][\/vc_column][vc_column width=\u00bb1\/4&#8243;]<div class=\"porto-sicon-box style_1 top-icon\"><div class=\"porto-sicon-top\"><div class=\"porto-just-icon-wrapper porto-icon none\" style=\"color:#ffffff;font-size:50px;\"><i class=\"fas fa-envelope\"><\/i><\/div><\/div><\/div><!-- porto-sicon-box -->[vc_empty_space height=\u00bb20px\u00bb][vc_column_text]<\/p>\n<h2 style=\"text-align: center;\"><span style=\"color: #ffffff;\"><a style=\"color: #ffffff;\" href=\"xiaomi@waynet.com.ar\" target=\"_blank\" rel=\"noopener noreferrer\">xiaomi@waynet.com.ar<\/a><\/span><\/h2>\n<p>[\/vc_column_text][\/vc_column][vc_column width=\u00bb1\/4&#8243;]<div class=\"porto-sicon-box style_1 top-icon\"><div class=\"porto-sicon-top\"><div class=\"porto-just-icon-wrapper porto-icon none\" style=\"color:#ffffff;font-size:50px;\"><i class=\"fab fa-facebook-square\"><\/i><\/div><\/div><\/div><!-- porto-sicon-box -->[vc_empty_space height=\u00bb20px\u00bb][vc_column_text]<\/p>\n<h2 style=\"text-align: center;\"><span style=\"color: #ffffff;\"><a style=\"color: #ffffff;\" href=\"https:\/\/www.facebook.com\/waynetarg\" target=\"_blank\" rel=\"noopener noreferrer\">waynetarg<\/a><\/span><\/h2>\n<p>[\/vc_column_text][\/vc_column][vc_column width=\u00bb1\/4&#8243;]<div class=\"porto-sicon-box style_1 top-icon\"><div class=\"porto-sicon-top\"><div class=\"porto-just-icon-wrapper porto-icon none\" style=\"color:#ffffff;font-size:50px;\"><i class=\"fab fa-instagram\"><\/i><\/div><\/div><\/div><!-- porto-sicon-box -->[vc_empty_space height=\u00bb20px\u00bb][vc_column_text]<\/p>\n<h2 style=\"text-align: center;\"><span style=\"color: #ffffff;\"><a style=\"color: #ffffff;\" href=\"https:\/\/www.instagram.com\/waynetarg\/?igshid=hzbdlkqmuy1g\" target=\"_blank\" rel=\"noopener noreferrer\">waynetarg<\/a><\/span><\/h2>\n<p>[\/vc_column_text][\/vc_column][\/vc_row]<\/p>\n","protected":false},"excerpt":{"rendered":"<p>[vc_row full_width=\u00bbstretch_row_content_no_spaces\u00bb equal_height=\u00bbyes\u00bb content_placement=\u00bbmiddle\u00bb parallax=\u00bbcontent-moving\u00bb parallax_image=\u00bb2932&#8243; parallax_speed_bg=\u00bb2&#8243; section_text_color=\u00bbdark\u00bb][vc_column width=\u00bb1\/4&#8243;][\/vc_column][vc_column width=\u00bb1\/2&#8243;][vc_empty_space height=\u00bb200px\u00bb][vc_column_text css_animation=\u00bbfadeInLeft\u00bb] Amazfit Pace Dej\u00e1 tu smartphone y corr\u00e9. [\/vc_column_text][vc_empty_space height=\u00bb200px\u00bb][\/vc_column][vc_column width=\u00bb1\/4&#8243;][\/vc_column][\/vc_row][vc_row full_width=\u00bbstretch_row\u00bb css=\u00bb.vc_custom_1599740804979{background-color: #212529 !important;}\u00bb][vc_column][vc_empty_space][vc_row_inner css=\u00bb.vc_custom_1599740816611{background-color: #212529 !important;}\u00bb][vc_column_inner width=\u00bb1\/5&#8243;][\/vc_column_inner][vc_column_inner width=\u00bb1\/5&#8243;][\/vc_column_inner][vc_column_inner width=\u00bb1\/5&#8243;][\/vc_column_inner][vc_column_inner width=\u00bb1\/5&#8243;][\/vc_column_inner][vc_column_inner width=\u00bb1\/5&#8243;][\/vc_column_inner][\/vc_row_inner][vc_empty_space][\/vc_column][\/vc_row][vc_row][vc_column width=\u00bb1\/2&#8243;][vc_single_image image=\u00bb2933&#8243; img_size=\u00bbfull\u00bb][\/vc_column][vc_column width=\u00bb1\/2&#8243;][vc_empty_space height=\u00bb62px\u00bb][vc_custom_heading text=\u00bbAmazfit Pace\u00bb use_theme_fonts=\u00bbyes\u00bb][vc_column_text]Importar y exportar trayectos. Registra y comparte No te preocupes si la ruta te [&hellip;]<\/p>\n","protected":false},"author":2,"featured_media":0,"parent":0,"menu_order":0,"comment_status":"closed","ping_status":"closed","template":"","meta":{"_acf_changed":false,"footnotes":""},"class_list":["post-2730","page","type-page","status-publish","hentry"],"acf":[],"_links":{"self":[{"href":"https:\/\/waynet.com.ar\/index.php\/wp-json\/wp\/v2\/pages\/2730","targetHints":{"allow":["GET"]}}],"collection":[{"href":"https:\/\/waynet.com.ar\/index.php\/wp-json\/wp\/v2\/pages"}],"about":[{"href":"https:\/\/waynet.com.ar\/index.php\/wp-json\/wp\/v2\/types\/page"}],"author":[{"embeddable":true,"href":"https:\/\/waynet.com.ar\/index.php\/wp-json\/wp\/v2\/users\/2"}],"replies":[{"embeddable":true,"href":"https:\/\/waynet.com.ar\/index.php\/wp-json\/wp\/v2\/comments?post=2730"}],"version-history":[{"count":6,"href":"https:\/\/waynet.com.ar\/index.php\/wp-json\/wp\/v2\/pages\/2730\/revisions"}],"predecessor-version":[{"id":3342,"href":"https:\/\/waynet.com.ar\/index.php\/wp-json\/wp\/v2\/pages\/2730\/revisions\/3342"}],"wp:attachment":[{"href":"https:\/\/waynet.com.ar\/index.php\/wp-json\/wp\/v2\/media?parent=2730"}],"curies":[{"name":"wp","href":"https:\/\/api.w.org\/{rel}","templated":true}]}}