{"id":2726,"date":"2020-08-14T16:11:55","date_gmt":"2020-08-14T16:11:55","guid":{"rendered":"http:\/\/waynet.com.ar\/?page_id=2726"},"modified":"2021-07-28T14:39:57","modified_gmt":"2021-07-28T14:39:57","slug":"mi-band-5","status":"publish","type":"page","link":"https:\/\/waynet.com.ar\/index.php\/mi-band-5\/","title":{"rendered":"MI band 5"},"content":{"rendered":"<p>[vc_row full_width=\u00bbstretch_row_content_no_spaces\u00bb equal_height=\u00bbyes\u00bb content_placement=\u00bbmiddle\u00bb parallax=\u00bbcontent-moving\u00bb parallax_image=\u00bb2915&#8243; parallax_speed_bg=\u00bb2&#8243; section_text_color=\u00bbdark\u00bb][vc_column width=\u00bb1\/4&#8243;][\/vc_column][vc_column width=\u00bb1\/2&#8243;][vc_empty_space height=\u00bb200px\u00bb][vc_column_text css_animation=\u00bbfadeInLeft\u00bb]<\/p>\n<p style=\"text-align: left;\"><span style=\"color: #ffffff;\"><strong><span style=\"font-size: 35px;\">Mi Smart Band 5<\/span><\/strong><\/span><\/p>\n<p style=\"text-align: left;\"><span style=\"font-size: 32px; color: #ffffff;\">Dise\u00f1ado para el ejercicio<br \/>\n<\/span><span style=\"font-size: 32px; color: #ffffff;\">en el interior y al aire libre<br \/>\n<\/span>[\/vc_column_text][vc_empty_space height=\u00bb200px\u00bb][\/vc_column][vc_column width=\u00bb1\/4&#8243;][\/vc_column][\/vc_row][vc_row full_width=\u00bbstretch_row\u00bb css=\u00bb.vc_custom_1599675920584{background-color: #212529 !important;}\u00bb][vc_column][vc_empty_space][vc_row_inner css=\u00bb.vc_custom_1599675910853{background-color: #212529 !important;}\u00bb][vc_column_inner width=\u00bb1\/4&#8243;]<div class=\"porto-sicon-box style_1 top-icon\"><div class=\"porto-sicon-top\"><div class=\"porto-just-icon-wrapper porto-sicon-img  porto-icon-9f5d1cfb45d27d96b50bf473aebba227\" style=\"font-size: 50px;\"><img decoding=\"async\" class=\"img-icon\" alt=\"\" src=\"https:\/\/waynet.com.ar\/wp-content\/uploads\/2020\/09\/iconos_web-14.png\" width=\"50\" height=\"50\" \/><\/div><\/div><div class=\"porto-sicon-header\"><p style=\"font-weight:300;color:rgba(255,255,255,0.8);\">-<\/p><\/div> <!-- header --><div class=\"porto-sicon-description\" style=\"\">\n<p style=\"text-align: center;\"><span style=\"font-size: 20px; color: #ffffff;\"><strong>Recibe notificaciones<\/strong> de aplicaciones.<\/span><\/p>\n<p><\/div> <!-- description --><\/div><!-- porto-sicon-box -->[\/vc_column_inner][vc_column_inner width=\u00bb1\/4&#8243;]<div class=\"porto-sicon-box style_1 top-icon\"><div class=\"porto-sicon-top\"><div class=\"porto-just-icon-wrapper porto-sicon-img  porto-icon-9f5d1cfb45d27d96b50bf473aebba227\" style=\"font-size: 50px;\"><img decoding=\"async\" class=\"img-icon\" alt=\"\" src=\"https:\/\/waynet.com.ar\/wp-content\/uploads\/2020\/09\/iconos_web-15.png\" width=\"50\" height=\"50\" \/><\/div><\/div><div class=\"porto-sicon-header\"><p style=\"font-weight:300;color:rgba(255,255,255,0.8);\">-<\/p><\/div> <!-- header --><div class=\"porto-sicon-description\" style=\"\">\n<p style=\"text-align: center;\"><span style=\"font-size: 20px; color: #ffffff;\"><strong><strong>Cuantifica y monitoriza <\/strong><\/strong>la actividad f\u00edsica.<\/span><\/p>\n<p><\/div> <!-- description --><\/div><!-- porto-sicon-box -->[\/vc_column_inner][vc_column_inner width=\u00bb1\/4&#8243;]<div class=\"porto-sicon-box style_1 top-icon\"><div class=\"porto-sicon-top\"><div class=\"porto-just-icon-wrapper porto-sicon-img  porto-icon-9f5d1cfb45d27d96b50bf473aebba227\" style=\"font-size: 50px;\"><img decoding=\"async\" class=\"img-icon\" alt=\"\" src=\"https:\/\/waynet.com.ar\/wp-content\/uploads\/2020\/09\/iconos_web-16.png\" width=\"50\" height=\"50\" \/><\/div><\/div><div class=\"porto-sicon-header\"><p style=\"font-weight:300;color:rgba(255,255,255,0.8);\">-<\/p><\/div> <!-- header --><div class=\"porto-sicon-description\" style=\"\">\n<p style=\"text-align: center;\"><span style=\"font-size: 20px; color: #ffffff;\"><strong>Monitoriza<\/strong> tu hora de sue\u00f1o.<\/span><\/p>\n<p><\/div> <!-- description --><\/div><!-- porto-sicon-box -->[\/vc_column_inner][vc_column_inner width=\u00bb1\/4&#8243;]<div class=\"porto-sicon-box style_1 top-icon\"><div class=\"porto-sicon-top\"><div class=\"porto-just-icon-wrapper porto-sicon-img  porto-icon-9f5d1cfb45d27d96b50bf473aebba227\" style=\"font-size: 50px;\"><img loading=\"lazy\" decoding=\"async\" class=\"img-icon\" alt=\"\" src=\"https:\/\/waynet.com.ar\/wp-content\/uploads\/2020\/09\/iconos_web-17.png\" width=\"50\" height=\"50\" \/><\/div><\/div><div class=\"porto-sicon-header\"><p style=\"font-weight:300;color:rgba(255,255,255,0.8);\">-<\/p><\/div> <!-- header --><div class=\"porto-sicon-description\" style=\"\">\n<p style=\"text-align: center;\"><span style=\"font-size: 20px; color: #ffffff;\"><strong><strong>Controles <\/strong><\/strong>de m\u00fasica.<\/span><\/p>\n<p><\/div> <!-- description --><\/div><!-- porto-sicon-box -->[\/vc_column_inner][\/vc_row_inner][vc_empty_space][\/vc_column][\/vc_row][vc_row][vc_column width=\u00bb1\/2&#8243;][vc_single_image image=\u00bb2920&#8243; img_size=\u00bbfull\u00bb][\/vc_column][vc_column width=\u00bb1\/2&#8243;][vc_empty_space height=\u00bb62px\u00bb][vc_custom_heading text=\u00bbMi<strong> Band 5<\/strong>\u00bb use_theme_fonts=\u00bbyes\u00bb][vc_column_text]<span style=\"font-size: 20px;\">Monitorea completamente tu ritmo card\u00edaco,<br \/>\nel sue\u00f1o y el estado f\u00edsico. Reinicia tu salud<\/span><\/p>\n<p>Las mejoras exhaustivas de los algoritmos y el hardware* han mejorado la precisi\u00f3n de la monitorizaci\u00f3n hasta en un 50% para formas de ejercicio con movimientos irregulares como correr a campo a trav\u00e9s, escalar, hacer senderismo y dem\u00e1s. Viene un recordatorio vibratorio cuando tu ritmo card\u00edaco es inusualmente alto.[\/vc_column_text][\/vc_column][\/vc_row][vc_row][vc_column][vc_empty_space height=\u00bb50px\u00bb]<div class=\"porto-content-box featured-boxes wpb_content_element \"><div class=\"featured-box featured-box-primary  align-left\"><div class=\"box-content\" style=\"\"><div class=\"porto-links-block wpb_content_element \"><div class=\"links-content\"><ul>[vc_custom_heading text=\u00bbEspecificaciones\u00bb font_container=\u00bbtag:h3|text_align:left\u00bb use_theme_fonts=\u00bbyes\u00bb][vc_separator][vc_row_inner][vc_column_inner width=\u00bb1\/2&#8243;][vc_column_text]<b>MODELO: <\/b>XMSH10HM<\/p>\n<p><b>PESO NETO: <\/b>11.9 g<\/p>\n<p><b>DIMENSIONES: <\/b>46,95 \u00d7 18,15 \u00d7 12,45 mm<\/p>\n<p><b>TASA DE IMPERMEABILIDAD: <\/b>5 ATM<\/p>\n<p><b>CONEXI\u00d3N INAL\u00c1MBRICA: <\/b>Bluetooth 5.0 BLE<\/p>\n<p><b>MOTOR H\u00c1PTICO: <\/b>Motor de rotor<\/p>\n<p><b>RAM: <\/b>512 KB<\/p>\n<p><b>MEMORIA FLASH: <\/b>16 MB<\/p>\n<p><b>TAMA\u00d1O REGULABLE: <\/b>155-219 mm<\/p>\n<p><b>CAPACIDAD DE LA BATER\u00cdA: <\/b>125 mAh[\/vc_column_text][\/vc_column_inner][vc_column_inner width=\u00bb1\/2&#8243;][vc_column_text]<b>TIPO DE BATER\u00cdA: <\/b>Bater\u00eda de pol\u00edmero de iones de litio<\/p>\n<p><b>MATERIAL DE LA CORREA: <\/b>TPU<\/p>\n<p><b>MATERIAL DE LA HEBILLA DE LA PULSERA: <\/b>Aleaci\u00f3n de aluminio<\/p>\n<p><b>MATERIAL DE LA CUBIERTA DE LA PANTALLA: <\/b>Vidrio reforzado 2.5D y revestimiento AF<\/p>\n<p><b>MATERIAL DEL ESTUCHE: <\/b>Pl\u00e1stico PC<\/p>\n<p><b>TEMPERATURA DE FUNCIONAMIENTO: <\/b>0\u2103\u201345\u2103<\/p>\n<p><b>LENGUAJE DEL SISTEMA: <\/b>Admite ingl\u00e9s, espa\u00f1ol, ruso, italiano, franc\u00e9s, alem\u00e1n, ucraniano, polaco, coreano, portugu\u00e9s, turco, japon\u00e9s, \u00e1rabe, checo, tailand\u00e9s, indonesio, griego, vietnamita, rumano, chino y holand\u00e9s. Los idiomas mencionados se lanzar\u00e1n de forma sucesiva.<\/p>\n<p><b>SISTEMAS COMPATIBLES: <\/b>Android 5.0 o iOS 10.0 y superior[\/vc_column_text][\/vc_column_inner][\/vc_row_inner][vc_empty_space height=\u00bb20px\u00bb][vc_custom_heading text=\u00bbPantalla\u00bb font_container=\u00bbtag:h3|text_align:left\u00bb use_theme_fonts=\u00bbyes\u00bb][vc_separator][vc_row_inner][vc_column_inner width=\u00bb1\/2&#8243;][vc_column_text]<strong>PANTALLA:<\/strong> de 1.1&#8243; AMOLED<\/p>\n<p><strong>RESOLUCI\u00d3N DE PANTALLA:<\/strong> 126*29<\/p>\n<p><strong>MOSTRAR LA PROFUNDIDAD DEL DOLOR:<\/strong> 16 bits[\/vc_column_text][\/vc_column_inner][vc_column_inner width=\u00bb1\/2&#8243;][vc_column_text]<strong>LUZ DE FONDO DE PANTALLA:<\/strong> M\u00e1ximo brillo \u2265 450 li, ajustable<\/p>\n<p><strong>BOT\u00d3N DE VISUALIZACI\u00d3N:<\/strong> Un bot\u00f3n t\u00e1ctil (despertar, volver)[\/vc_column_text][\/vc_column_inner][\/vc_row_inner][vc_empty_space height=\u00bb20px\u00bb][vc_custom_heading text=\u00bbSensores y bater\u00eda\u00bb font_container=\u00bbtag:h3|text_align:left\u00bb use_theme_fonts=\u00bbyes\u00bb][vc_separator][vc_row_inner][vc_column_inner width=\u00bb1\/2&#8243;][vc_column_text]<strong>SENSOR DE 6 EJES:<\/strong> Aceler\u00f3metro de 3 ejes de bajo consumo y giroscopio de 3 ejes<\/p>\n<p><strong>SENSOR:<\/strong> de frecuencia card\u00edaca PPG<\/p>\n<p><strong>MICR\u00d3FONO:<\/strong> digital MEMS[\/vc_column_text][\/vc_column_inner][vc_column_inner width=\u00bb1\/2&#8243;][vc_column_text]<strong>M\u00c9TODO DE CARGA:<\/strong> Carga magn\u00e9tica<\/p>\n<p><strong>TIEMPO DE CARGA:<\/strong> &lt; 2 horas<\/p>\n<p><strong>DURACI\u00d3N DE LA BATER\u00cdA:<\/strong> \u2265 14 d\u00edas[\/vc_column_text][\/vc_column_inner][\/vc_row_inner][vc_empty_space height=\u00bb20px\u00bb][vc_custom_heading text=\u00bbDeportes y salud\u00bb font_container=\u00bbtag:h3|text_align:left\u00bb use_theme_fonts=\u00bbyes\u00bb][vc_separator][vc_row_inner][vc_column_inner width=\u00bb1\/2&#8243;][vc_column_text]<strong>EJERCICIOS DISPONIBLES:<\/strong> Correr al aire libre, caminata deportiva, ciclismo, carrera, nataci\u00f3n en piscina, estilo libre, ciclismo indoor, el\u00edptica, saltar a la comba, yoga, m\u00e1quina de remo<\/p>\n<p>Admite la detecci\u00f3n autom\u00e1tica de carreras o caminatas, alertas de ritmo, alertas de kil\u00f3metros recorridos, alertas de alta frecuencia card\u00edaca.[\/vc_column_text][\/vc_column_inner][vc_column_inner width=\u00bb1\/2&#8243;][vc_column_text]<strong>CONTROL DE LA FRECUENCIA CARD\u00cdACA:<\/strong> Frecuencia card\u00edaca manual de todo el d\u00eda, frecuencia card\u00edaca en reposo y curva de la frecuencia card\u00edaca.<\/p>\n<p><strong>MONITOREO DEL SUE\u00d1O:<\/strong> Sue\u00f1o profundo, sue\u00f1o ligero, movimiento ocular r\u00e1pido (REM), siestas.<\/p>\n<p><strong>SEGUIMIENTO DE LA SALUD FEMENINA:<\/strong> Proporciona registro y recordatorios para el ciclo menstrual y las fases de ovulaci\u00f3n.<\/p>\n<p><strong>MONITOREOS:<\/strong> del estr\u00e9s, ejercicios de respiraci\u00f3n, evaluaci\u00f3n del \u00edndice de vitalidad PAI, alertas de inactividad, contador de pasos, establecimiento de objetivos.[\/vc_column_text][\/vc_column_inner][\/vc_row_inner][vc_empty_space height=\u00bb20px\u00bb][vc_custom_heading text=\u00bbOtras caracter\u00edsticas\u00bb font_container=\u00bbtag:h3|text_align:left\u00bb use_theme_fonts=\u00bbyes\u00bb][vc_separator][vc_row_inner][vc_column_inner width=\u00bb1\/2&#8243;][vc_column_text]Fotos a control remoto, reproducci\u00f3n de m\u00fasica, encontrar mi tel\u00e9fono, silenciar el tel\u00e9fono, desbloquear el tel\u00e9fono, notificaci\u00f3n de llamadas entrantes, no molestar, notificaci\u00f3n de WhatsApp, alertas de mensajes de aplicaciones, recordatorio de calendario, recordatorio de eventos, pron\u00f3stico del tiempo.[\/vc_column_text][\/vc_column_inner][vc_column_inner width=\u00bb1\/2&#8243;][vc_column_text]Temporizador, cuenta regresiva, alarma, transmisi\u00f3n Bluetooth, marcaci\u00f3n en l\u00ednea, marcaci\u00f3n personalizada, marcaci\u00f3n preestablecida, bloqueo de pantalla, visualizaci\u00f3n del progreso de carga, elecci\u00f3n del m\u00e9todo de uso, actualizaciones OTA.[\/vc_column_text][\/vc_column_inner][\/vc_row_inner][vc_separator]<\/ul><\/div><\/div><\/div><\/div><\/div>[\/vc_column][\/vc_row][vc_row full_width=\u00bbstretch_row_content_no_spaces\u00bb wrap_container=\u00bbyes\u00bb is_section=\u00bbyes\u00bb section_skin=\u00bbprimary\u00bb remove_margin_top=\u00bbyes\u00bb remove_margin_bottom=\u00bbyes\u00bb remove_border=\u00bbyes\u00bb css=\u00bb.vc_custom_1597185598230{padding-bottom: 15px !important;}\u00bb][vc_column width=\u00bb1\/4&#8243;]<div class=\"porto-sicon-box style_1 top-icon\"><div class=\"porto-sicon-top\"><div class=\"porto-just-icon-wrapper porto-icon none\" style=\"color:#ffffff;font-size:50px;\"><i class=\"fab fa-whatsapp\"><\/i><\/div><\/div><\/div><!-- porto-sicon-box -->[vc_empty_space height=\u00bb20px\u00bb][vc_column_text]<\/p>\n<h2 style=\"text-align: center;\"><span style=\"color: #ffffff;\"><a style=\"color: #ffffff;\" href=\"https:\/\/wa.link\/5p2lg3\" target=\"_blank\" rel=\"noopener noreferrer\">3424471295<\/a><\/span><\/h2>\n<p>[\/vc_column_text][\/vc_column][vc_column width=\u00bb1\/4&#8243;]<div class=\"porto-sicon-box style_1 top-icon\"><div class=\"porto-sicon-top\"><div class=\"porto-just-icon-wrapper porto-icon none\" style=\"color:#ffffff;font-size:50px;\"><i class=\"fas fa-envelope\"><\/i><\/div><\/div><\/div><!-- porto-sicon-box -->[vc_empty_space height=\u00bb20px\u00bb][vc_column_text]<\/p>\n<h2 style=\"text-align: center;\"><span style=\"color: #ffffff;\"><a style=\"color: #ffffff;\" href=\"xiaomi@waynet.com.ar\" target=\"_blank\" rel=\"noopener noreferrer\">xiaomi@waynet.com.ar<\/a><\/span><\/h2>\n<p>[\/vc_column_text][\/vc_column][vc_column width=\u00bb1\/4&#8243;]<div class=\"porto-sicon-box style_1 top-icon\"><div class=\"porto-sicon-top\"><div class=\"porto-just-icon-wrapper porto-icon none\" style=\"color:#ffffff;font-size:50px;\"><i class=\"fab fa-facebook-square\"><\/i><\/div><\/div><\/div><!-- porto-sicon-box -->[vc_empty_space height=\u00bb20px\u00bb][vc_column_text]<\/p>\n<h2 style=\"text-align: center;\"><span style=\"color: #ffffff;\"><a style=\"color: #ffffff;\" href=\"https:\/\/www.facebook.com\/waynetarg\" target=\"_blank\" rel=\"noopener noreferrer\">waynetarg<\/a><\/span><\/h2>\n<p>[\/vc_column_text][\/vc_column][vc_column width=\u00bb1\/4&#8243;]<div class=\"porto-sicon-box style_1 top-icon\"><div class=\"porto-sicon-top\"><div class=\"porto-just-icon-wrapper porto-icon none\" style=\"color:#ffffff;font-size:50px;\"><i class=\"fab fa-instagram\"><\/i><\/div><\/div><\/div><!-- porto-sicon-box -->[vc_empty_space height=\u00bb20px\u00bb][vc_column_text]<\/p>\n<h2 style=\"text-align: center;\"><span style=\"color: #ffffff;\"><a style=\"color: #ffffff;\" href=\"https:\/\/www.instagram.com\/waynetarg\/?igshid=hzbdlkqmuy1g\" target=\"_blank\" rel=\"noopener noreferrer\">waynetarg<\/a><\/span><\/h2>\n<p>[\/vc_column_text][\/vc_column][\/vc_row]<\/p>\n","protected":false},"excerpt":{"rendered":"<p>[vc_row full_width=\u00bbstretch_row_content_no_spaces\u00bb equal_height=\u00bbyes\u00bb content_placement=\u00bbmiddle\u00bb parallax=\u00bbcontent-moving\u00bb parallax_image=\u00bb2915&#8243; parallax_speed_bg=\u00bb2&#8243; section_text_color=\u00bbdark\u00bb][vc_column width=\u00bb1\/4&#8243;][\/vc_column][vc_column width=\u00bb1\/2&#8243;][vc_empty_space height=\u00bb200px\u00bb][vc_column_text css_animation=\u00bbfadeInLeft\u00bb] Mi Smart Band 5 Dise\u00f1ado para el ejercicio en el interior y al aire libre [\/vc_column_text][vc_empty_space height=\u00bb200px\u00bb][\/vc_column][vc_column width=\u00bb1\/4&#8243;][\/vc_column][\/vc_row][vc_row full_width=\u00bbstretch_row\u00bb css=\u00bb.vc_custom_1599675920584{background-color: #212529 !important;}\u00bb][vc_column][vc_empty_space][vc_row_inner css=\u00bb.vc_custom_1599675910853{background-color: #212529 !important;}\u00bb][vc_column_inner width=\u00bb1\/4&#8243;][\/vc_column_inner][vc_column_inner width=\u00bb1\/4&#8243;][\/vc_column_inner][vc_column_inner width=\u00bb1\/4&#8243;][\/vc_column_inner][vc_column_inner width=\u00bb1\/4&#8243;][\/vc_column_inner][\/vc_row_inner][vc_empty_space][\/vc_column][\/vc_row][vc_row][vc_column width=\u00bb1\/2&#8243;][vc_single_image image=\u00bb2920&#8243; img_size=\u00bbfull\u00bb][\/vc_column][vc_column width=\u00bb1\/2&#8243;][vc_empty_space height=\u00bb62px\u00bb][vc_custom_heading text=\u00bbMi Band 5\u00bb use_theme_fonts=\u00bbyes\u00bb][vc_column_text]Monitorea completamente tu ritmo card\u00edaco, el [&hellip;]<\/p>\n","protected":false},"author":2,"featured_media":0,"parent":0,"menu_order":0,"comment_status":"closed","ping_status":"closed","template":"","meta":{"_acf_changed":false,"footnotes":""},"class_list":["post-2726","page","type-page","status-publish","hentry"],"acf":[],"_links":{"self":[{"href":"https:\/\/waynet.com.ar\/index.php\/wp-json\/wp\/v2\/pages\/2726","targetHints":{"allow":["GET"]}}],"collection":[{"href":"https:\/\/waynet.com.ar\/index.php\/wp-json\/wp\/v2\/pages"}],"about":[{"href":"https:\/\/waynet.com.ar\/index.php\/wp-json\/wp\/v2\/types\/page"}],"author":[{"embeddable":true,"href":"https:\/\/waynet.com.ar\/index.php\/wp-json\/wp\/v2\/users\/2"}],"replies":[{"embeddable":true,"href":"https:\/\/waynet.com.ar\/index.php\/wp-json\/wp\/v2\/comments?post=2726"}],"version-history":[{"count":22,"href":"https:\/\/waynet.com.ar\/index.php\/wp-json\/wp\/v2\/pages\/2726\/revisions"}],"predecessor-version":[{"id":3919,"href":"https:\/\/waynet.com.ar\/index.php\/wp-json\/wp\/v2\/pages\/2726\/revisions\/3919"}],"wp:attachment":[{"href":"https:\/\/waynet.com.ar\/index.php\/wp-json\/wp\/v2\/media?parent=2726"}],"curies":[{"name":"wp","href":"https:\/\/api.w.org\/{rel}","templated":true}]}}