{"id":2710,"date":"2020-08-14T15:56:42","date_gmt":"2020-08-14T15:56:42","guid":{"rendered":"http:\/\/waynet.com.ar\/?page_id=2710"},"modified":"2021-07-28T14:51:23","modified_gmt":"2021-07-28T14:51:23","slug":"qcy-mini-2","status":"publish","type":"page","link":"https:\/\/waynet.com.ar\/index.php\/qcy-mini-2\/","title":{"rendered":"QCY mini 2"},"content":{"rendered":"<p>[vc_row full_width=\u00bbstretch_row_content_no_spaces\u00bb equal_height=\u00bbyes\u00bb content_placement=\u00bbmiddle\u00bb parallax=\u00bbcontent-moving\u00bb parallax_image=\u00bb3298&#8243; parallax_speed_bg=\u00bb2&#8243; section_text_color=\u00bbdark\u00bb][vc_column width=\u00bb1\/4&#8243;][\/vc_column][vc_column width=\u00bb1\/2&#8243;][vc_empty_space height=\u00bb200px\u00bb][vc_column_text css_animation=\u00bbfadeInLeft\u00bb]<strong><span style=\"color: #ffffff; font-size: 35px;\">Auricular inal\u00e1mbrico QCY mini2<\/span><\/strong><\/p>\n<p><span style=\"color: #ffffff; font-size: 32px;\">Escuch\u00e1 tu m\u00fasica favorita y respond\u00e9 llamados de forma simple y c\u00f3moda.<\/span>[\/vc_column_text][vc_empty_space height=\u00bb200px\u00bb][\/vc_column][vc_column width=\u00bb1\/4&#8243;][\/vc_column][\/vc_row][vc_row full_width=\u00bbstretch_row\u00bb css=\u00bb.vc_custom_1599749668792{background-color: #212529 !important;}\u00bb][vc_column][vc_empty_space][vc_row_inner css=\u00bb.vc_custom_1599747527253{background-color: #212529 !important;}\u00bb][vc_column_inner width=\u00bb1\/4&#8243;]<div class=\"porto-sicon-box style_1 top-icon\"><div class=\"porto-sicon-top\"><div class=\"porto-just-icon-wrapper porto-sicon-img  porto-icon-9f5d1cfb45d27d96b50bf473aebba227\" style=\"font-size: 50px;\"><img decoding=\"async\" class=\"img-icon\" alt=\"\" src=\"https:\/\/waynet.com.ar\/wp-content\/uploads\/2020\/09\/iconos_web-05-2.png\" width=\"50\" height=\"50\" \/><\/div><\/div><div class=\"porto-sicon-header\"><p style=\"font-weight:300;color:rgba(255,255,255,0.8);\">-<\/p><\/div> <!-- header --><div class=\"porto-sicon-description\" style=\"\">\n<p style=\"text-align: center;\"><span style=\"color: #ffffff;\"><strong><span style=\"font-size: 20px;\">Bluetooth 5.0.<\/span><\/strong><\/span><\/p>\n<p><\/div> <!-- description --><\/div><!-- porto-sicon-box -->[\/vc_column_inner][vc_column_inner width=\u00bb1\/4&#8243;]<div class=\"porto-sicon-box style_1 top-icon\"><div class=\"porto-sicon-top\"><div class=\"porto-just-icon-wrapper porto-sicon-img  porto-icon-9f5d1cfb45d27d96b50bf473aebba227\" style=\"font-size: 50px;\"><img decoding=\"async\" class=\"img-icon\" alt=\"\" src=\"https:\/\/waynet.com.ar\/wp-content\/uploads\/2020\/09\/iconos_web-03.png\" width=\"50\" height=\"50\" \/><\/div><\/div><div class=\"porto-sicon-header\"><p style=\"font-weight:300;color:rgba(255,255,255,0.8);\">-<\/p><\/div> <!-- header --><div class=\"porto-sicon-description\" style=\"\">\n<p style=\"text-align: center;\"><span style=\"font-size: 20px; color: #ffffff;\">Duraci\u00f3n de <strong>bater\u00eda hasta 3 hs.<\/strong><\/span><\/p>\n<p><\/div> <!-- description --><\/div><!-- porto-sicon-box -->[\/vc_column_inner][vc_column_inner width=\u00bb1\/4&#8243;]<div class=\"porto-sicon-box style_1 top-icon\"><div class=\"porto-sicon-top\"><div class=\"porto-just-icon-wrapper porto-sicon-img  porto-icon-9f5d1cfb45d27d96b50bf473aebba227\" style=\"font-size: 50px;\"><img decoding=\"async\" class=\"img-icon\" alt=\"\" src=\"https:\/\/waynet.com.ar\/wp-content\/uploads\/2020\/09\/iconos_web-02-1.png\" width=\"50\" height=\"50\" \/><\/div><\/div><div class=\"porto-sicon-header\"><p style=\"font-weight:300;color:rgba(255,255,255,0.8);\">-<\/p><\/div> <!-- header --><div class=\"porto-sicon-description\" style=\"\">\n<p style=\"text-align: center;\"><span style=\"font-size: 20px; color: #ffffff;\"><strong>Micr\u00f3fono<\/strong> incorporado.<\/span><\/p>\n<p><\/div> <!-- description --><\/div><!-- porto-sicon-box -->[\/vc_column_inner][vc_column_inner width=\u00bb1\/4&#8243;]<div class=\"porto-sicon-box style_1 top-icon\"><div class=\"porto-sicon-top\"><div class=\"porto-just-icon-wrapper porto-sicon-img  porto-icon-9f5d1cfb45d27d96b50bf473aebba227\" style=\"font-size: 50px;\"><img loading=\"lazy\" decoding=\"async\" class=\"img-icon\" alt=\"\" src=\"https:\/\/waynet.com.ar\/wp-content\/uploads\/2020\/09\/iconos_web-21.png\" width=\"51\" height=\"51\" \/><\/div><\/div><div class=\"porto-sicon-header\"><p style=\"font-weight:300;color:rgba(255,255,255,0.8);\">-<\/p><\/div> <!-- header --><div class=\"porto-sicon-description\" style=\"\">\n<p style=\"text-align: center;\"><span style=\"font-size: 20px; color: #ffffff;\">M\u00e1s<strong> liviano.<\/strong><\/span><\/p>\n<p><\/div> <!-- description --><\/div><!-- porto-sicon-box -->[\/vc_column_inner][\/vc_row_inner][vc_empty_space][\/vc_column][\/vc_row][vc_row][vc_column width=\u00bb1\/2&#8243;][vc_single_image image=\u00bb2887&#8243; img_size=\u00bbfull\u00bb][\/vc_column][vc_column width=\u00bb1\/2&#8243;][vc_empty_space height=\u00bb62px\u00bb][vc_custom_heading text=\u00bbAuriculares <strong>Xiaomi<\/strong>\u00bb use_theme_fonts=\u00bbyes\u00bb][vc_column_text]<span style=\"font-size: 20px;\">Auricular individual. Sincronizalo con tu smartphone y reproduc\u00ed m\u00fasica a una <strong>distancia de 10 metros<\/strong>\u00a0a trav\u00e9s de su conexi\u00f3n\u00a0<strong>Bluetooth\u00a05.0<\/strong><\/span>[\/vc_column_text][\/vc_column][\/vc_row][vc_row][vc_column][vc_empty_space height=\u00bb50px\u00bb]<div class=\"porto-content-box featured-boxes wpb_content_element \"><div class=\"featured-box featured-box-primary  align-left\"><div class=\"box-content\" style=\"\"><div class=\"porto-links-block wpb_content_element \"><div class=\"links-content\"><ul>[vc_custom_heading text=\u00bbEspecificaciones\u00bb font_container=\u00bbtag:h3|text_align:left\u00bb use_theme_fonts=\u00bbyes\u00bb][vc_separator][vc_row_inner][vc_column_inner width=\u00bb1\/2&#8243;][vc_column_text]<strong>MARCA:<\/strong> QCY<\/p>\n<p><strong>MODELO:<\/strong> Mini 2<\/p>\n<p><strong>BLUETOOTH:<\/strong> 5.0<\/p>\n<p><strong>TRASMISI\u00d3N:<\/strong> hasta 10m<\/p>\n<p><strong>MICR\u00d3FONO:<\/strong> si[\/vc_column_text][\/vc_column_inner][vc_column_inner width=\u00bb1\/2&#8243;][vc_column_text]<strong>RANGO DE FRECUENCIA:<\/strong> 20 &#8211; 20000Hz<\/p>\n<p><strong>BATER\u00cdA:<\/strong> 40mAh<\/p>\n<p><strong>AUTONOM\u00cdA:<\/strong> hasta 3 horas<\/p>\n<p><strong>DIMENSIONES:<\/strong> 14 x 14 x 26 mm<\/p>\n<p><strong>PESO:<\/strong> 4 gramos[\/vc_column_text][\/vc_column_inner][\/vc_row_inner][vc_empty_space height=\u00bb20px\u00bb]<\/ul><\/div><\/div><\/div><\/div><\/div>[\/vc_column][\/vc_row][vc_row full_width=\u00bbstretch_row_content_no_spaces\u00bb wrap_container=\u00bbyes\u00bb is_section=\u00bbyes\u00bb section_skin=\u00bbprimary\u00bb remove_margin_top=\u00bbyes\u00bb remove_margin_bottom=\u00bbyes\u00bb remove_border=\u00bbyes\u00bb css=\u00bb.vc_custom_1597185598230{padding-bottom: 15px !important;}\u00bb][vc_column width=\u00bb1\/4&#8243;]<div class=\"porto-sicon-box style_1 top-icon\"><div class=\"porto-sicon-top\"><div class=\"porto-just-icon-wrapper porto-icon none\" style=\"color:#ffffff;font-size:50px;\"><i class=\"fab fa-whatsapp\"><\/i><\/div><\/div><\/div><!-- porto-sicon-box -->[vc_empty_space height=\u00bb20px\u00bb][vc_column_text]<\/p>\n<h2 style=\"text-align: center;\"><span style=\"color: #ffffff;\"><a style=\"color: #ffffff;\" href=\"https:\/\/wa.link\/5p2lg3\" target=\"_blank\" rel=\"noopener noreferrer\">3424471295<\/a><\/span><\/h2>\n<p>[\/vc_column_text][\/vc_column][vc_column width=\u00bb1\/4&#8243;]<div class=\"porto-sicon-box style_1 top-icon\"><div class=\"porto-sicon-top\"><div class=\"porto-just-icon-wrapper porto-icon none\" style=\"color:#ffffff;font-size:50px;\"><i class=\"fas fa-envelope\"><\/i><\/div><\/div><\/div><!-- porto-sicon-box -->[vc_empty_space height=\u00bb20px\u00bb][vc_column_text]<\/p>\n<h2 style=\"text-align: center;\"><span style=\"color: #ffffff;\"><a style=\"color: #ffffff;\" href=\"xiaomi@waynet.com.ar\" target=\"_blank\" rel=\"noopener noreferrer\">xiaomi@waynet.com.ar<\/a><\/span><\/h2>\n<p>[\/vc_column_text][\/vc_column][vc_column width=\u00bb1\/4&#8243;]<div class=\"porto-sicon-box style_1 top-icon\"><div class=\"porto-sicon-top\"><div class=\"porto-just-icon-wrapper porto-icon none\" style=\"color:#ffffff;font-size:50px;\"><i class=\"fab fa-facebook-square\"><\/i><\/div><\/div><\/div><!-- porto-sicon-box -->[vc_empty_space height=\u00bb20px\u00bb][vc_column_text]<\/p>\n<h2 style=\"text-align: center;\"><span style=\"color: #ffffff;\"><a style=\"color: #ffffff;\" href=\"https:\/\/www.facebook.com\/waynetarg\" target=\"_blank\" rel=\"noopener noreferrer\">waynetarg<\/a><\/span><\/h2>\n<p>[\/vc_column_text][\/vc_column][vc_column width=\u00bb1\/4&#8243;]<div class=\"porto-sicon-box style_1 top-icon\"><div class=\"porto-sicon-top\"><div class=\"porto-just-icon-wrapper porto-icon none\" style=\"color:#ffffff;font-size:50px;\"><i class=\"fab fa-instagram\"><\/i><\/div><\/div><\/div><!-- porto-sicon-box -->[vc_empty_space height=\u00bb20px\u00bb][vc_column_text]<\/p>\n<h2 style=\"text-align: center;\"><span style=\"color: #ffffff;\"><a style=\"color: #ffffff;\" href=\"https:\/\/www.instagram.com\/waynetarg\/?igshid=hzbdlkqmuy1g\" target=\"_blank\" rel=\"noopener noreferrer\">waynetarg<\/a><\/span><\/h2>\n<p>[\/vc_column_text][\/vc_column][\/vc_row]<\/p>\n","protected":false},"excerpt":{"rendered":"<p>[vc_row full_width=\u00bbstretch_row_content_no_spaces\u00bb equal_height=\u00bbyes\u00bb content_placement=\u00bbmiddle\u00bb parallax=\u00bbcontent-moving\u00bb parallax_image=\u00bb3298&#8243; parallax_speed_bg=\u00bb2&#8243; section_text_color=\u00bbdark\u00bb][vc_column width=\u00bb1\/4&#8243;][\/vc_column][vc_column width=\u00bb1\/2&#8243;][vc_empty_space height=\u00bb200px\u00bb][vc_column_text css_animation=\u00bbfadeInLeft\u00bb]Auricular inal\u00e1mbrico QCY mini2 Escuch\u00e1 tu m\u00fasica favorita y respond\u00e9 llamados de forma simple y c\u00f3moda.[\/vc_column_text][vc_empty_space height=\u00bb200px\u00bb][\/vc_column][vc_column width=\u00bb1\/4&#8243;][\/vc_column][\/vc_row][vc_row full_width=\u00bbstretch_row\u00bb css=\u00bb.vc_custom_1599749668792{background-color: #212529 !important;}\u00bb][vc_column][vc_empty_space][vc_row_inner css=\u00bb.vc_custom_1599747527253{background-color: #212529 !important;}\u00bb][vc_column_inner width=\u00bb1\/4&#8243;][\/vc_column_inner][vc_column_inner width=\u00bb1\/4&#8243;][\/vc_column_inner][vc_column_inner width=\u00bb1\/4&#8243;][\/vc_column_inner][vc_column_inner width=\u00bb1\/4&#8243;][\/vc_column_inner][\/vc_row_inner][vc_empty_space][\/vc_column][\/vc_row][vc_row][vc_column width=\u00bb1\/2&#8243;][vc_single_image image=\u00bb2887&#8243; img_size=\u00bbfull\u00bb][\/vc_column][vc_column width=\u00bb1\/2&#8243;][vc_empty_space height=\u00bb62px\u00bb][vc_custom_heading text=\u00bbAuriculares Xiaomi\u00bb use_theme_fonts=\u00bbyes\u00bb][vc_column_text]Auricular individual. Sincronizalo con tu smartphone y reproduc\u00ed [&hellip;]<\/p>\n","protected":false},"author":2,"featured_media":0,"parent":0,"menu_order":0,"comment_status":"closed","ping_status":"closed","template":"","meta":{"_acf_changed":false,"footnotes":""},"class_list":["post-2710","page","type-page","status-publish","hentry"],"acf":[],"_links":{"self":[{"href":"https:\/\/waynet.com.ar\/index.php\/wp-json\/wp\/v2\/pages\/2710","targetHints":{"allow":["GET"]}}],"collection":[{"href":"https:\/\/waynet.com.ar\/index.php\/wp-json\/wp\/v2\/pages"}],"about":[{"href":"https:\/\/waynet.com.ar\/index.php\/wp-json\/wp\/v2\/types\/page"}],"author":[{"embeddable":true,"href":"https:\/\/waynet.com.ar\/index.php\/wp-json\/wp\/v2\/users\/2"}],"replies":[{"embeddable":true,"href":"https:\/\/waynet.com.ar\/index.php\/wp-json\/wp\/v2\/comments?post=2710"}],"version-history":[{"count":26,"href":"https:\/\/waynet.com.ar\/index.php\/wp-json\/wp\/v2\/pages\/2710\/revisions"}],"predecessor-version":[{"id":3933,"href":"https:\/\/waynet.com.ar\/index.php\/wp-json\/wp\/v2\/pages\/2710\/revisions\/3933"}],"wp:attachment":[{"href":"https:\/\/waynet.com.ar\/index.php\/wp-json\/wp\/v2\/media?parent=2710"}],"curies":[{"name":"wp","href":"https:\/\/api.w.org\/{rel}","templated":true}]}}