{"id":2342,"date":"2020-07-28T23:54:11","date_gmt":"2020-07-28T23:54:11","guid":{"rendered":"http:\/\/waynet.com.ar\/?page_id=2342"},"modified":"2021-07-28T14:38:07","modified_gmt":"2021-07-28T14:38:07","slug":"electric-scooter","status":"publish","type":"page","link":"https:\/\/waynet.com.ar\/index.php\/electric-scooter\/","title":{"rendered":"Electric Scooter"},"content":{"rendered":"<p>[vc_row full_width=\u00bbstretch_row_content_no_spaces\u00bb equal_height=\u00bbyes\u00bb content_placement=\u00bbmiddle\u00bb parallax=\u00bbcontent-moving\u00bb parallax_image=\u00bb3436&#8243; parallax_speed_bg=\u00bb2&#8243; section_text_color=\u00bbdark\u00bb][vc_column width=\u00bb1\/4&#8243;][\/vc_column][vc_column width=\u00bb1\/2&#8243;][vc_empty_space height=\u00bb200px\u00bb][vc_column_text css_animation=\u00bbfadeInLeft\u00bb]<\/p>\n<p style=\"text-align: left;\"><span style=\"color: #ffffff; font-size: 35px;\"><strong>MI Electric Scooter 1S<br \/>\n<\/strong><\/span><br \/>\n<span style=\"color: #ffffff; font-size: 32px;\">Despleg\u00e1 y comenz\u00e1 el viaje<\/span>[\/vc_column_text][vc_empty_space height=\u00bb200px\u00bb][\/vc_column][vc_column width=\u00bb1\/4&#8243;][\/vc_column][\/vc_row][vc_row full_width=\u00bbstretch_row\u00bb css=\u00bb.vc_custom_1599663946526{background-color: #212529 !important;}\u00bb][vc_column][vc_empty_space][vc_row_inner css=\u00bb.vc_custom_1599663956729{background-color: #212529 !important;}\u00bb][vc_column_inner width=\u00bb1\/4&#8243;]<div class=\"porto-sicon-box style_1 top-icon\"><div class=\"porto-sicon-top\"><div class=\"porto-just-icon-wrapper porto-sicon-img  porto-icon-9f5d1cfb45d27d96b50bf473aebba227\" style=\"font-size: 50px;\"><img decoding=\"async\" class=\"img-icon\" alt=\"\" src=\"https:\/\/waynet.com.ar\/wp-content\/uploads\/2020\/09\/iconos_web-08-1.png\" width=\"50\" height=\"50\" \/><\/div><\/div><div class=\"porto-sicon-header\"><p style=\"font-weight:300;color:rgba(255,255,255,0.8);\">-<\/p><\/div> <!-- header --><div class=\"porto-sicon-description\" style=\"\">\n<p style=\"text-align: center;\"><span style=\"color: #ffffff; font-size: 20px;\">Intuitiva y<strong>\u00a0f\u00e1cil de usar<\/strong><\/span><\/p>\n<p><\/div> <!-- description --><\/div><!-- porto-sicon-box -->[\/vc_column_inner][vc_column_inner width=\u00bb1\/4&#8243;]<div class=\"porto-sicon-box style_1 top-icon\"><div class=\"porto-sicon-top\"><div class=\"porto-just-icon-wrapper porto-sicon-img  porto-icon-9f5d1cfb45d27d96b50bf473aebba227\" style=\"font-size: 50px;\"><img decoding=\"async\" class=\"img-icon\" alt=\"\" src=\"https:\/\/waynet.com.ar\/wp-content\/uploads\/2020\/09\/iconos_web-03-1.png\" width=\"50\" height=\"50\" \/><\/div><\/div><div class=\"porto-sicon-header\"><p style=\"font-weight:300;color:rgba(255,255,255,0.8);\">-<\/p><\/div> <!-- header --><div class=\"porto-sicon-description\" style=\"\">\n<p style=\"text-align: center;\"><span style=\"font-size: 20px; color: #ffffff;\">30 km.,\u00a0<strong>bater\u00eda de largo alcance.<\/strong><\/span><\/p>\n<p><\/div> <!-- description --><\/div><!-- porto-sicon-box -->[\/vc_column_inner][vc_column_inner width=\u00bb1\/4&#8243;]<div class=\"porto-sicon-box style_1 top-icon\"><div class=\"porto-sicon-top\"><div class=\"porto-just-icon-wrapper porto-sicon-img  porto-icon-9f5d1cfb45d27d96b50bf473aebba227\" style=\"font-size: 50px;\"><img decoding=\"async\" class=\"img-icon\" alt=\"\" src=\"https:\/\/waynet.com.ar\/wp-content\/uploads\/2020\/09\/iconos_web-07-1.png\" width=\"50\" height=\"50\" \/><\/div><\/div><div class=\"porto-sicon-header\"><p style=\"font-weight:300;color:rgba(255,255,255,0.8);\">-<\/p><\/div> <!-- header --><div class=\"porto-sicon-description\" style=\"\">\n<p style=\"text-align: center;\"><span style=\"font-size: 20px; color: #ffffff;\">Sistema de\u00a0<strong>doble frenado.<\/strong><\/span><\/p>\n<p><\/div> <!-- description --><\/div><!-- porto-sicon-box -->[\/vc_column_inner][vc_column_inner width=\u00bb1\/4&#8243;]<div class=\"porto-sicon-box style_1 top-icon\"><div class=\"porto-sicon-top\"><div class=\"porto-just-icon-wrapper porto-sicon-img  porto-icon-9f5d1cfb45d27d96b50bf473aebba227\" style=\"font-size: 50px;\"><img loading=\"lazy\" decoding=\"async\" class=\"img-icon\" alt=\"\" src=\"https:\/\/waynet.com.ar\/wp-content\/uploads\/2020\/09\/iconos_web-09.png\" width=\"50\" height=\"50\" \/><\/div><\/div><div class=\"porto-sicon-header\"><p style=\"font-weight:300;color:rgba(255,255,255,0.8);\">-<\/p><\/div> <!-- header --><div class=\"porto-sicon-description\" style=\"\">\n<p style=\"text-align: center;\"><span style=\"font-size: 20px; color: #ffffff;\">Dise\u00f1o\u00a0<strong>plegable y port\u00e1til.<\/strong><\/span><\/p>\n<p><\/div> <!-- description --><\/div><!-- porto-sicon-box -->[\/vc_column_inner][\/vc_row_inner][vc_empty_space][\/vc_column][\/vc_row][vc_row][vc_column width=\u00bb1\/2&#8243;][vc_single_image image=\u00bb3440&#8243; img_size=\u00bbfull\u00bb][\/vc_column][vc_column width=\u00bb1\/2&#8243;][vc_empty_space height=\u00bb62px\u00bb][vc_custom_heading text=\u00bb<strong>Conexi\u00f3n inteligente<\/strong> para desbloquear nuevas funciones\u00bb use_theme_fonts=\u00bbyes\u00bb][vc_column_text]<\/p>\n<p class=\"feature\"><span style=\"font-size: 20px;\">Conecta el Mi Electric Scooter 1S a la aplicaci\u00f3n Mi Home para comprobar las estad\u00edsticas de conducci\u00f3n, el estado de la bater\u00eda y para actualizar el firmware.<\/span><\/p>\n<p>[\/vc_column_text][\/vc_column][\/vc_row][vc_row][vc_column][vc_empty_space height=\u00bb50px\u00bb]<div class=\"porto-content-box featured-boxes wpb_content_element \"><div class=\"featured-box featured-box-primary  align-left\"><div class=\"box-content\" style=\"\"><div class=\"porto-links-block wpb_content_element \"><div class=\"links-content\"><ul>[vc_custom_heading text=\u00bbDimensiones\u00bb font_container=\u00bbtag:h3|text_align:left\u00bb use_theme_fonts=\u00bbyes\u00bb][vc_separator][vc_empty_space height=\u00bb20px\u00bb][vc_row_inner][vc_column_inner width=\u00bb1\/2&#8243;][vc_single_image image=\u00bb3427&#8243; img_size=\u00bbfull\u00bb][\/vc_column_inner][vc_column_inner width=\u00bb1\/2&#8243;][vc_empty_space height=\u00bb175px\u00bb][vc_single_image image=\u00bb3428&#8243; img_size=\u00bbfull\u00bb][\/vc_column_inner][\/vc_row_inner][vc_empty_space height=\u00bb20px\u00bb][vc_custom_heading text=\u00bbEspecificaciones\u00bb font_container=\u00bbtag:h3|text_align:left\u00bb use_theme_fonts=\u00bbyes\u00bb][vc_separator][vc_row_inner][vc_column_inner width=\u00bb1\/2&#8243;][vc_column_text]<strong>MODELO:<\/strong> DDHBC05NEB<\/p>\n<p><strong>VELOCIDAD M\u00c1XIMA:<\/strong> 25 Km\/h (Velocidad m\u00e1xima para cada modo: Modo peatonal: 5 Km\/h; D: 20 Km\/h; S: 25 Km\/h)<\/p>\n<p><strong>RANGO:<\/strong> 30 km.<\/p>\n<p><strong>PESO:<\/strong> 12,5 kg.<\/p>\n<p><strong>FRENADO:<\/strong> E-ABS y freno de disco<\/p>\n<p><strong>POTENCIA NOMINAL:<\/strong> 250 W<\/p>\n<p><strong>POTENCIA M\u00c1XIMA:<\/strong> 500 W[\/vc_column_text][\/vc_column_inner][vc_column_inner width=\u00bb1\/2&#8243;][vc_column_text]<strong>NEUM\u00c1TICOS:<\/strong> Neum\u00e1ticos delanteros y traseros de 8.5&#8243;.<\/p>\n<p><strong>TIPO DE MOTOR:<\/strong> Motor de corriente continua sin escobillas<\/p>\n<p><strong>CARGA M\u00c1XIMA:<\/strong> 100 kg.<\/p>\n<p><strong>ALTURA DEL USUARIO:<\/strong> 120cm-200cm<\/p>\n<p><strong>EDAD DEL USUARIO:<\/strong> De 16 a 50 a\u00f1os<\/p>\n<p><strong>CLASIFICACI\u00d3N IP:<\/strong> IP54<\/p>\n<p><strong>TIEMPO DE CARGA:<\/strong> 5.5 horas[\/vc_column_text][\/vc_column_inner][\/vc_row_inner][vc_empty_space height=\u00bb20px\u00bb][vc_separator][vc_row_inner][vc_column_inner width=\u00bb1\/2&#8243;][vc_column_text]<strong>Panel multifuncional:<\/strong> Visualizaci\u00f3n en tiempo real de 8 tipos de datos: velocidad, modo de velocidad, potencia, estado de bloqueo y otra informaci\u00f3n de conducci\u00f3n de un vistazo.<\/p>\n<p><strong>Un bot\u00f3n, m\u00faltiples funciones:<\/strong> El bot\u00f3n no s\u00f3lo enciende y apaga la energ\u00eda, sino que tambi\u00e9n se puede usar para cambiar entre los modos de velocidad y para encender y apagar los faros.<\/p>\n<p><strong>Acelerador sensible:<\/strong> La resistencia moderada del acelerador de mano y la retroalimentaci\u00f3n oportuna hacen que la velocidad de conducci\u00f3n sea m\u00e1s f\u00e1cil de controlar y la aceleraci\u00f3n m\u00e1s suave.[\/vc_column_text][\/vc_column_inner][vc_column_inner width=\u00bb1\/2&#8243;][vc_column_text]<strong>C\u00f3modo agarre TPR:<\/strong> El manillar est\u00e1 hecho de material TPR para un agarre m\u00e1s c\u00f3modo que puede mejorar eficazmente la experiencia de conducci\u00f3n.<\/p>\n<p><strong>Sistema de doble freno delantero y trasero;<\/strong> Una distancia de frenado m\u00e1s corta para una conducci\u00f3n m\u00e1s segura. La rueda trasera utiliza un gran disco de freno perforado con m\u00e1s potencia de frenado, mientras que la rueda delantera est\u00e1 equipada con un sistema de frenado antibloqueo regenerativo E-ABS. Al frenar, los sistemas de frenado delantero y trasero se activan uno tras otro, acortando la distancia de frenado y asegurando una parada segura.[\/vc_column_text][\/vc_column_inner][\/vc_row_inner]<\/ul><\/div><\/div><\/div><\/div><\/div>[\/vc_column][\/vc_row][vc_row full_width=\u00bbstretch_row_content_no_spaces\u00bb wrap_container=\u00bbyes\u00bb is_section=\u00bbyes\u00bb section_skin=\u00bbprimary\u00bb remove_margin_top=\u00bbyes\u00bb remove_margin_bottom=\u00bbyes\u00bb remove_border=\u00bbyes\u00bb css=\u00bb.vc_custom_1597185598230{padding-bottom: 15px !important;}\u00bb][vc_column width=\u00bb1\/4&#8243;]<div class=\"porto-sicon-box style_1 top-icon\"><div class=\"porto-sicon-top\"><div class=\"porto-just-icon-wrapper porto-icon none\" style=\"color:#ffffff;font-size:50px;\"><i class=\"fab fa-whatsapp\"><\/i><\/div><\/div><\/div><!-- porto-sicon-box -->[vc_empty_space height=\u00bb20px\u00bb][vc_column_text]<\/p>\n<h2 style=\"text-align: center;\"><span style=\"color: #ffffff;\"><a style=\"color: #ffffff;\" href=\"https:\/\/wa.link\/5p2lg3\" target=\"_blank\" rel=\"noopener noreferrer\">3424471295<\/a><\/span><\/h2>\n<p>[\/vc_column_text][\/vc_column][vc_column width=\u00bb1\/4&#8243;]<div class=\"porto-sicon-box style_1 top-icon\"><div class=\"porto-sicon-top\"><div class=\"porto-just-icon-wrapper porto-icon none\" style=\"color:#ffffff;font-size:50px;\"><i class=\"fas fa-envelope\"><\/i><\/div><\/div><\/div><!-- porto-sicon-box -->[vc_empty_space height=\u00bb20px\u00bb][vc_column_text]<\/p>\n<h2 style=\"text-align: center;\"><span style=\"color: #ffffff;\"><a style=\"color: #ffffff;\" href=\"mailto:xiaomi@waynet.com.ar\" target=\"_blank\" rel=\"noopener noreferrer\">xiaomi@waynet.com.arc<\/a><\/span><\/h2>\n<p>[\/vc_column_text][\/vc_column][vc_column width=\u00bb1\/4&#8243;]<div class=\"porto-sicon-box style_1 top-icon\"><div class=\"porto-sicon-top\"><div class=\"porto-just-icon-wrapper porto-icon none\" style=\"color:#ffffff;font-size:50px;\"><i class=\"fab fa-facebook-square\"><\/i><\/div><\/div><\/div><!-- porto-sicon-box -->[vc_empty_space height=\u00bb20px\u00bb][vc_column_text]<\/p>\n<h2 style=\"text-align: center;\"><span style=\"color: #ffffff;\"><a style=\"color: #ffffff;\" href=\"https:\/\/www.facebook.com\/waynetarg\" target=\"_blank\" rel=\"noopener noreferrer\">waynetarg<\/a><\/span><\/h2>\n<p>[\/vc_column_text][\/vc_column][vc_column width=\u00bb1\/4&#8243;]<div class=\"porto-sicon-box style_1 top-icon\"><div class=\"porto-sicon-top\"><div class=\"porto-just-icon-wrapper porto-icon none\" style=\"color:#ffffff;font-size:50px;\"><i class=\"fab fa-instagram\"><\/i><\/div><\/div><\/div><!-- porto-sicon-box -->[vc_empty_space height=\u00bb20px\u00bb][vc_column_text]<\/p>\n<h2 style=\"text-align: center;\"><span style=\"color: #ffffff;\"><a style=\"color: #ffffff;\" href=\"https:\/\/www.instagram.com\/waynetarg\/?igshid=hzbdlkqmuy1g\" target=\"_blank\" rel=\"noopener noreferrer\">waynetarg<\/a><\/span><\/h2>\n<p>[\/vc_column_text][\/vc_column][\/vc_row]<\/p>\n","protected":false},"excerpt":{"rendered":"<p>[vc_row full_width=\u00bbstretch_row_content_no_spaces\u00bb equal_height=\u00bbyes\u00bb content_placement=\u00bbmiddle\u00bb parallax=\u00bbcontent-moving\u00bb parallax_image=\u00bb3436&#8243; parallax_speed_bg=\u00bb2&#8243; section_text_color=\u00bbdark\u00bb][vc_column width=\u00bb1\/4&#8243;][\/vc_column][vc_column width=\u00bb1\/2&#8243;][vc_empty_space height=\u00bb200px\u00bb][vc_column_text css_animation=\u00bbfadeInLeft\u00bb] MI Electric Scooter 1S Despleg\u00e1 y comenz\u00e1 el viaje[\/vc_column_text][vc_empty_space height=\u00bb200px\u00bb][\/vc_column][vc_column width=\u00bb1\/4&#8243;][\/vc_column][\/vc_row][vc_row full_width=\u00bbstretch_row\u00bb css=\u00bb.vc_custom_1599663946526{background-color: #212529 !important;}\u00bb][vc_column][vc_empty_space][vc_row_inner css=\u00bb.vc_custom_1599663956729{background-color: #212529 !important;}\u00bb][vc_column_inner width=\u00bb1\/4&#8243;][\/vc_column_inner][vc_column_inner width=\u00bb1\/4&#8243;][\/vc_column_inner][vc_column_inner width=\u00bb1\/4&#8243;][\/vc_column_inner][vc_column_inner width=\u00bb1\/4&#8243;][\/vc_column_inner][\/vc_row_inner][vc_empty_space][\/vc_column][\/vc_row][vc_row][vc_column width=\u00bb1\/2&#8243;][vc_single_image image=\u00bb3440&#8243; img_size=\u00bbfull\u00bb][\/vc_column][vc_column width=\u00bb1\/2&#8243;][vc_empty_space height=\u00bb62px\u00bb][vc_custom_heading text=\u00bbConexi\u00f3n inteligente para desbloquear nuevas funciones\u00bb use_theme_fonts=\u00bbyes\u00bb][vc_column_text] Conecta el Mi Electric Scooter 1S a la aplicaci\u00f3n [&hellip;]<\/p>\n","protected":false},"author":2,"featured_media":0,"parent":0,"menu_order":0,"comment_status":"closed","ping_status":"closed","template":"","meta":{"_acf_changed":false,"footnotes":""},"class_list":["post-2342","page","type-page","status-publish","hentry"],"acf":[],"_links":{"self":[{"href":"https:\/\/waynet.com.ar\/index.php\/wp-json\/wp\/v2\/pages\/2342","targetHints":{"allow":["GET"]}}],"collection":[{"href":"https:\/\/waynet.com.ar\/index.php\/wp-json\/wp\/v2\/pages"}],"about":[{"href":"https:\/\/waynet.com.ar\/index.php\/wp-json\/wp\/v2\/types\/page"}],"author":[{"embeddable":true,"href":"https:\/\/waynet.com.ar\/index.php\/wp-json\/wp\/v2\/users\/2"}],"replies":[{"embeddable":true,"href":"https:\/\/waynet.com.ar\/index.php\/wp-json\/wp\/v2\/comments?post=2342"}],"version-history":[{"count":105,"href":"https:\/\/waynet.com.ar\/index.php\/wp-json\/wp\/v2\/pages\/2342\/revisions"}],"predecessor-version":[{"id":3918,"href":"https:\/\/waynet.com.ar\/index.php\/wp-json\/wp\/v2\/pages\/2342\/revisions\/3918"}],"wp:attachment":[{"href":"https:\/\/waynet.com.ar\/index.php\/wp-json\/wp\/v2\/media?parent=2342"}],"curies":[{"name":"wp","href":"https:\/\/api.w.org\/{rel}","templated":true}]}}